{"id":158,"date":"2020-06-18T15:58:17","date_gmt":"2020-06-18T13:58:17","guid":{"rendered":"http:\/\/autoecoleporras.com\/?page_id=158"},"modified":"2020-06-18T17:31:36","modified_gmt":"2020-06-18T15:31:36","slug":"label-qualite","status":"publish","type":"page","link":"https:\/\/autoecoleporras.com\/index.php\/label-qualite\/","title":{"rendered":"Label qualit\u00e9"},"content":{"rendered":"\n<div class=\"wyz\" data-v-4ff8f88c=\"\">Le label \u00ab qualit\u00e9 des formations au sein \n      des \u00e9coles de conduite \u00bb cr\u00e9\u00e9 par arr\u00eat\u00e9 du 26 f\u00e9vrier 2018 permet aux usagers \n      d\u2019identifier imm\u00e9diatement une \u00e9cole de qualit\u00e9 r\u00e9pondant \u00e0 un cahier des \n      charges pr\u00e9cis. Toutes les \u00e9coles de conduite et les \u00e9coles associatives \n      peuvent pr\u00e9tendre au label.<\/div>\n\n\n\n<figure class=\"wp-block-image\"><img decoding=\"async\" loading=\"lazy\" width=\"226\" height=\"215\" src=\"http:\/\/autoecoleporras.com\/wp-content\/uploads\/2020\/06\/logo_ecole_de_conduite_0_0.png\" alt=\"\" class=\"wp-image-188\"\/><\/figure>\n\n\n\n<section in-viewport-once=\"true\" id=\"un-label-pour-garantir-la-qualite-21047\" class=\"section-paragraph-columns wrapper col_2_left_small\" data-v-3f0d4e39=\"\" data-v-b775a35a=\"\" data-v-0279e0f1=\"\" data-v-4ff8f88c=\"\">\n    <h2 class=\"paragraph-title title\" data-v-3f0d4e39=\"\">Un label pour garantir la \n      qualit\u00e9<\/h2>\n    <!----> \n    <div class=\"paragraph-columns-wrapper\" data-v-3f0d4e39=\"\" data-v-b775a35a=\"\">\n      <div class=\"w100 size-50\" data-v-3f0d4e39=\"\" data-v-0279e0f1=\"\">\n        <div data-context=\"col2\" data-v-e26c7ad6=\"\" data-v-0279e0f1=\"\">\n          <div class=\"img-base base-image tar\" data-v-7032aa84=\"\" data-v-10534fb3=\"\" data-v-e26c7ad6=\"\"><figure><figure><\/figure><\/figure> \n            <!----> <!----> <!----> <!----><\/div>\n        <\/div>\n      <\/div>\n      <div class=\"w100 size-50\" data-v-3f0d4e39=\"\" data-v-0279e0f1=\"\"><section in-viewport-once=\"true\" id=\"undefined-27650\" data-style=\"column\" data-context=\"col2\" class=\"paragraph-wyz wrapper\" data-v-3f0d4e39=\"\" data-v-72d33fa8=\"\" data-v-0279e0f1=\"\"><!----> \n        <!----> \n        <div class=\"wyz\" data-v-7beee112=\"\" data-v-72d33fa8=\"\">\n          <p>Valid\u00e9 par le Conseil national de l&#8217;emploi, de la formation et de \n            l\u2019orientation professionnelle (CNEFOP), le label garantit aux \u00e9l\u00e8ves \n            conducteurs un enseignement de qualit\u00e9 et une information claire et \n            transparente. Une \u00e9cole labellis\u00e9e doit r\u00e9pondre aux crit\u00e8res du r\u00e9f\u00e9rentiel \n            du label qui sont issus du <a href=\"https:\/\/www.legifrance.gouv.fr\/affichTexte.do?categorieLien=id&amp;cidTexte=JORFTEXT000030820633\" target=\"_blank\">d\u00e9cret \n            n\u00b02015-790 du 30 juin 2015<\/a>.<\/p>\n        <\/div>\n        <\/section><\/div>\n    <\/div>\n    <\/section>\n\n\n\n<section in-viewport-once=\"true\" id=\"quelles-sont-les-obligations-des-ecoles-labellisees-?-1285\" class=\"paragraph-toggle-wrapper wrapper\" data-v-3f0d4e39=\"\" data-v-361aee74=\"\" data-v-4ff8f88c=\"\">\n    <h2 class=\"paragraph-title title\" data-v-3f0d4e39=\"\">Quelles sont les obligations \n      des \u00e9coles labellis\u00e9es ?<\/h2>\n    <!----> \n    <div role=\"tablist\" class=\"toggle-wrapper\" data-v-3f0d4e39=\"\" data-v-361aee74=\"\"><b-card class=\"toggle-item\" data-v-3f0d4e39=\"\" data-v-361aee74=\"\"><button class=\"no-outline\" data-v-3f0d4e39=\"\" data-v-361aee74=\"\"><b-card-header data-v-3f0d4e39=\"\" data-v-361aee74=\"\">\n      <h3 data-v-3f0d4e39=\"\" data-v-361aee74=\"\">Pr\u00e9senter des objectifs de formation \n        adapt\u00e9s et clairs<\/h3>\n      <span class=\"toggle-indicator\" data-v-3f0d4e39=\"\" data-v-361aee74=\"\"><\/span><\/b-card-header><\/button> \n      <b-collapse id=\"accordion-12565\" role=\"tabpanel\" data-v-3f0d4e39=\"\" data-v-361aee74=\"\"><b-card-body class=\"toggle-content wyz\" data-v-3f0d4e39=\"\" data-v-361aee74=\"\">\n      <p>Les objectifs de formation doivent \u00eatre r\u00e9dig\u00e9s et affich\u00e9s clairement \n        sur le site de l\u2019\u00e9cole labellis\u00e9e et au moyen de documents mis \u00e0 disposition \n        du public. Chaque programme de formation th\u00e9orique et pratique doit \u00eatre \n        d\u00e9taill\u00e9. Les horaires des cours th\u00e9oriques portant sur des th\u00e9matiques \n        dispens\u00e9s par des enseignants de la conduite et de la s\u00e9curit\u00e9 routi\u00e8re \n        doivent \u00eatre affich\u00e9s de mani\u00e8re visible. L\u2019\u00e9cole labellis\u00e9e doit promouvoir \n        aupr\u00e8s des conducteurs novices un rendez-vous post-permis peu de temps \n        apr\u00e8s l\u2019obtention de leur permis de conduire afin d\u2019\u00e9valuer les acquis \n        de la formation avec le conducteur.<\/p>\n      <\/b-card-body><\/b-collapse><\/b-card><b-card class=\"toggle-item\" data-v-3f0d4e39=\"\" data-v-361aee74=\"\"><button class=\"no-outline\" data-v-3f0d4e39=\"\" data-v-361aee74=\"\"><b-card-header data-v-3f0d4e39=\"\" data-v-361aee74=\"\">\n      <h3 data-v-3f0d4e39=\"\" data-v-361aee74=\"\">Pr\u00e9senter des informations claires et \n        transparentes<\/h3>\n      <span class=\"toggle-indicator\" data-v-3f0d4e39=\"\" data-v-361aee74=\"\"><\/span><\/b-card-header><\/button> \n      <b-collapse id=\"accordion-12566\" role=\"tabpanel\" data-v-3f0d4e39=\"\" data-v-361aee74=\"\"><b-card-body class=\"toggle-content wyz\" data-v-3f0d4e39=\"\" data-v-361aee74=\"\">\n      <p>L\u2019\u00e9cole labellis\u00e9e doit mettre \u00e0 disposition du public toutes les informations \n        lui permettant de choisir son \u00e9cole de conduite ou son association en \n        toute connaissance de cause. Ces informations portent sur : le r\u00e8glement \n        int\u00e9rieur, une documentation explicative sur la pr\u00e9paration \u00e0 l\u2019examen \n        du permis de conduire et le d\u00e9roulement de celui-ci, le proc\u00e9d\u00e9 d\u2019\u00e9valuation. \n        Elle doit proposer, \u00e0 chaque \u00e9l\u00e8ve, un parcours de formation individualis\u00e9 \n        ainsi qu\u2019une proposition d\u00e9taill\u00e9e et chiffr\u00e9e. L\u2019\u00e9cole labellis\u00e9e doit \n        \u00e9tablir une tra\u00e7abilit\u00e9 de l\u2019assiduit\u00e9 des \u00e9l\u00e8ves et organiser leur suivi \n        p\u00e9dagogique.<\/p>\n      <\/b-card-body><\/b-collapse><\/b-card><b-card class=\"toggle-item\" data-v-3f0d4e39=\"\" data-v-361aee74=\"\"><button class=\"no-outline\" data-v-3f0d4e39=\"\" data-v-361aee74=\"\"><b-card-header data-v-3f0d4e39=\"\" data-v-361aee74=\"\">\n      <h3 data-v-3f0d4e39=\"\" data-v-361aee74=\"\">Utiliser des moyens p\u00e9dagogiques<\/h3>\n      <span class=\"toggle-indicator\" data-v-3f0d4e39=\"\" data-v-361aee74=\"\"><\/span><\/b-card-header><\/button> \n      <b-collapse id=\"accordion-12567\" role=\"tabpanel\" data-v-3f0d4e39=\"\" data-v-361aee74=\"\"><b-card-body class=\"toggle-content wyz\" data-v-3f0d4e39=\"\" data-v-361aee74=\"\">\n      <p>L\u2019\u00e9cole labellis\u00e9e doit disposer de moyens p\u00e9dagogiques (humains, mat\u00e9riels\u2026) \n        adapt\u00e9s \u00e0 son offre de formation. Les personnels enseignants doivent \u00eatre \n        qualifi\u00e9s et titulaires d\u2019une autorisation d\u2019enseigner en cours de validit\u00e9. \n        Elle doit proposer des cours th\u00e9oriques abordant des th\u00e8mes de s\u00e9curit\u00e9 \n        routi\u00e8re et animer par un enseignant, un enseignement pratique progressif \n        prenant en compte diff\u00e9rentes situations de conduite : conduite de nuit, \n        voies rapides, intemp\u00e9ries, etc.<\/p>\n      <\/b-card-body><\/b-collapse><\/b-card><b-card class=\"toggle-item\" data-v-3f0d4e39=\"\" data-v-361aee74=\"\"><button class=\"no-outline\" data-v-3f0d4e39=\"\" data-v-361aee74=\"\"><b-card-header data-v-3f0d4e39=\"\" data-v-361aee74=\"\">\n      <h3 data-v-3f0d4e39=\"\" data-v-361aee74=\"\">Former le personnel enseignant<\/h3>\n      <span class=\"toggle-indicator\" data-v-3f0d4e39=\"\" data-v-361aee74=\"\"><\/span><\/b-card-header><\/button> \n      <b-collapse id=\"accordion-12568\" role=\"tabpanel\" data-v-3f0d4e39=\"\" data-v-361aee74=\"\"><b-card-body class=\"toggle-content wyz\" data-v-3f0d4e39=\"\" data-v-361aee74=\"\">\n      <p>Dans le cadre d\u2019une formation, la relation p\u00e9dagogique et administrative \n        est essentielle. Ainsi, l\u2019affichage de la liste des enseignants de la \n        conduite et de la s\u00e9curit\u00e9 routi\u00e8re, du ou des responsables p\u00e9dagogiques, \n        de la ou des personnes en charge des relations avec les \u00e9l\u00e8ves permet \n        \u00e0 ces derniers d\u2019identifier l\u2019\u00e9quipe de l\u2019\u00e9cole labellis\u00e9e. Cette derni\u00e8re \n        doit met en place un plan de formation continue de ses enseignants.<\/p>\n      <\/b-card-body><\/b-collapse><\/b-card><b-card class=\"toggle-item\" data-v-3f0d4e39=\"\" data-v-361aee74=\"\"><button class=\"no-outline\" data-v-3f0d4e39=\"\" data-v-361aee74=\"\"><b-card-header data-v-3f0d4e39=\"\" data-v-361aee74=\"\">\n      <h3 data-v-3f0d4e39=\"\" data-v-361aee74=\"\">Accompagner le public dans ses choix<\/h3>\n      <span class=\"toggle-indicator\" data-v-3f0d4e39=\"\" data-v-361aee74=\"\"><\/span><\/b-card-header><\/button> \n      <b-collapse id=\"accordion-12569\" role=\"tabpanel\" data-v-3f0d4e39=\"\" data-v-361aee74=\"\"><b-card-body class=\"toggle-content wyz\" data-v-3f0d4e39=\"\" data-v-361aee74=\"\">\n      <p>L\u2019\u00e9cole labellis\u00e9e doit valoriser l\u2019apprentissage anticip\u00e9 de la conduite \n        et la conduite supervis\u00e9e par une information claire. Si elle dispense \n        des formations \u00e0 la conduite des deux-roues ou trois roues motoris\u00e9s, \n        elle doit indiquer les lieux de formation et la dur\u00e9e pour s\u2019y rendre \n        ainsi que les modalit\u00e9s d\u2019accueil des pistes. Afin que l\u2019\u00e9l\u00e8ve puisse \n        effectuer un choix \u00e9clair\u00e9, l\u2019\u00e9cole labellis\u00e9e doit fournir, \u00e0 toute personne \n        en faisant la demande, un bilan annuel comprenant le taux de r\u00e9ussite \n        par fili\u00e8re, le nombre moyen d\u2019heures de formation, L\u2019\u00e9cole labellis\u00e9e \n        doit disposer d\u2019un site ou d\u2019un page Internet reprenant toutes ces informations.<\/p>\n      <\/b-card-body><\/b-collapse><\/b-card><b-card class=\"toggle-item\" data-v-3f0d4e39=\"\" data-v-361aee74=\"\"><button class=\"no-outline\" data-v-3f0d4e39=\"\" data-v-361aee74=\"\"><b-card-header data-v-3f0d4e39=\"\" data-v-361aee74=\"\">\n      <h3 data-v-3f0d4e39=\"\" data-v-361aee74=\"\">Prendre en compte les avis des \u00e9l\u00e8ves<\/h3>\n      <span class=\"toggle-indicator\" data-v-3f0d4e39=\"\" data-v-361aee74=\"\"><\/span><\/b-card-header><\/button> \n      <b-collapse id=\"accordion-12570\" role=\"tabpanel\" data-v-3f0d4e39=\"\" data-v-361aee74=\"\"><b-card-body class=\"toggle-content wyz\" data-v-3f0d4e39=\"\" data-v-361aee74=\"\">\n      <p>L\u2019\u00e9cole labellis\u00e9e doit veiller \u00e0 sa constante am\u00e9lioration. Le meilleur \n        moyen est de recueillir les avis certifi\u00e9s et appr\u00e9ciations rendus par \n        les \u00e9l\u00e8ves et anciens \u00e9l\u00e8ves. Ces avis peuvent \u00eatre recueillis soit par \n        un organisme tiers ind\u00e9pendant, soit au moyen d\u2019un questionnaire qui porte \n        au minimum sur : les dispositifs d\u2019accueil, la disponibilit\u00e9 de l\u2019\u00e9quipe \n        p\u00e9dagogique, le contenu de la formation, etc. L\u2019\u00e9cole labellis\u00e9e doit \n        exploiter les avis recueillis de mani\u00e8re \u00e0 mettre en place de nouvelles \n        pratiques. Elle doit \u00e9galement mettre en place un dispositif de gestion \n        des r\u00e9clamations afin d\u2019apporter des correctifs \u00e9ventuels.<\/p>\n      <\/b-card-body><\/b-collapse><\/b-card><\/div>\n    <\/section>\n\n\n\n<section in-viewport-once=\"true\" id=\"quel-interet-pour-les-ecoles-de-conduite-ou-les-ecoles-associatives-detre-labellisees-?-1286\" class=\"paragraph-wyz wrapper\" data-v-3f0d4e39=\"\" data-v-72d33fa8=\"\" data-v-4ff8f88c=\"\">\n    <h2 class=\"paragraph-title title\" data-v-3f0d4e39=\"\">Quel int\u00e9r\u00eat pour les \u00e9coles \n      de conduite ou les \u00e9coles associatives d\u2019\u00eatre labellis\u00e9es ?<\/h2>\n    <!----> \n    <div class=\"wyz\" data-v-7beee112=\"\" data-v-72d33fa8=\"\">\n      <p>En plus d\u2019une visibilit\u00e9 sur le site Internet de la D\u00e9l\u00e9gation \u00e0 la s\u00e9curit\u00e9 \n        routi\u00e8re, le label donne l\u2019exclusivit\u00e9 de dispenser certaines formations \n        aux \u00e9coles labellis\u00e9es, notamment :<\/p>\n      <ul>\n        <li>la formation obligatoire pour les titulaires de la cat\u00e9gorie B du \n          permis de conduire ayant pass\u00e9 l&rsquo;examen de la conduite sur une bo\u00eete \n          automatique et souhaitant conduire un v\u00e9hicule \u00e0 bo\u00eete de vitesses manuelle \n          (code 78) ;<\/li>\n        <li>la formation obligatoire pour les titulaires de la cat\u00e9gorie B du \n          permis de conduire souhaitant conduire un v\u00e9hicule B attel\u00e9 \u00e0 une remorque \n          (B 96) ;<\/li>\n        <li>le stage post-permis pour les conducteurs novices volontaires afin \n          de renforcer les comp\u00e9tences acquises par les conducteurs depuis le \n          d\u00e9but de leur apprentissage de la conduite et de faire diminuer l\u2019accidentalit\u00e9, \n          tr\u00e8s \u00e9lev\u00e9e au cours des premiers mois qui suivent l\u2019obtention du permis \n          de conduire.<\/li>\n      <\/ul>\n    <\/div>\n    <\/section>\n\n\n\n<section in-viewport-once=\"true\" id=\"documents-telechargeables-4283\" class=\"paragraph-wyz wrapper\" data-v-3f0d4e39=\"\" data-v-72d33fa8=\"\" data-v-4ff8f88c=\"\">\n    <h2 class=\"paragraph-title title\" data-v-3f0d4e39=\"\">Documents t\u00e9l\u00e9chargeables \n      :<\/h2>\n    <!----> \n    <div class=\"wyz\" data-v-7beee112=\"\" data-v-72d33fa8=\"\">\n      <p><a class=\"file-link\" data-entity-href=\"\/media\/5013\" data-entity-substitution=\"media\" data-entity-title=\"Arrete du 2 mai 2019 modifiant larrete du 26 f\u00e9vrier 2018 portant creation du label \u00ab qualite \u00bb (PDF - 529.39 Ko)\" data-entity-type=\"media\" data-entity-uuid=\"7040a846-8783-4905-bc10-8bc23e4c0239\" href=\"https:\/\/www.securite-routiere.gouv.fr\/sites\/default\/files\/2019-05\/02-05-2019-arrete_modifiant_l%27arrete_label.pdf\" target=\"_blank\" title=\"Arrete du 2 mai 2019 modifiant larrete du 26 f\u00e9vrier 2018 portant creation du label \u00ab qualite \u00bb\">Arr\u00eat\u00e9 \n        du 2 mai 2019 modifiant l&rsquo;arr\u00eat\u00e9 du 12 novembre 2018 portant cr\u00e9ation \n        du label \u00ab\u00a0qualit\u00e9 des formations au sein des \u00e9coles de conduite\u00a0\u00bb<\/a> (PDF \n        &#8211; 529.39 Ko)<\/p>\n      <p><a class=\"file-link\" data-entity-href=\"\/media\/3772\" data-entity-substitution=\"media\" data-entity-title=\"Arrete du 12 novembre 2018 modifiant larrete du 26 fevrier 2018 portant creation du label qualite des formations au sein des ecoles de conduite (PDF - 384.21 Ko)\" data-entity-type=\"media\" data-entity-uuid=\"38cf07e9-eb00-4705-83cf-89663a363e61\" href=\"https:\/\/www.securite-routiere.gouv.fr\/sites\/default\/files\/2019-04\/arrete_du_12_novembre_2018_modifiant_l%27arrete_du_26_fevrier_2018_portant_creation_du_label_qualite_des_formations_au_sein_des_ecoles_de_conduite_0.pdf\" onclick=\"return xt_click(this,'C','52','arrete-du-12-novembre-2018-modifiant-l-arrete-du-26-fevrier-2018-portant-creation-du-label-qualite-des-formations-au-sein-des-ecoles-de-conduite2',T')\" target=\"_blank\" title=\"Arrete du 12 novembre 2018 modifiant larrete du 26 fevrier 2018 portant creation du label qualite des formations au sein des ecoles de conduite\">Arr\u00eat\u00e9 \n        du 12 novembre 2018 modifiant l&rsquo;arr\u00eat\u00e9 du 26 f\u00e9vrier 2018 portant cr\u00e9ation \n        du label \u00ab\u00a0qualit\u00e9 des formations au sein des \u00e9coles de conduite\u00a0\u00bb<\/a> PDF \n        &#8211; 384.21 Ko)<\/p>\n      <p><a class=\"file-link\" data-entity-href=\"Arr\u00eat\u00e9 du 26 f\u00e9vrier (PDF - 674.91 Ko)\" data-entity-substitution=\"media\" data-entity-title=\"Arr\u00eat\u00e9 du 26 f\u00e9vrier (PDF - 674.91 Ko)\" data-entity-type=\"media\" data-entity-uuid=\"6cc5a0bf-ffd4-427e-802e-f3a67b5b65d3\" href=\"https:\/\/www.securite-routiere.gouv.fr\/sites\/default\/files\/2019-04\/2018-02-26-arrete%2Bportant%2Bcreation%2Bdu%2Blabel.pdf\" onclick=\"return xt_click(this,'C','52','arrete-du-26-fevrier-2018-portant-creation-du-label-qualite-des-formations-au-sein-des-ecoles-de-conduite',T')\" target=\"_blank\" title=\"Arr\u00eat\u00e9 du 26 f\u00e9vrier\">Arr\u00eat\u00e9 \n        du 26 f\u00e9vrier 2018 portant cr\u00e9ation du label \u00ab qualit\u00e9 des formations \n        au sein des \u00e9coles de conduite \u00bb<\/a> (PDF &#8211; 674.91 Ko)<\/p>\n      <p><strong>Annexe 1 :<\/strong><\/p>\n      <p><a class=\"file-link\" data-entity-href=\"Annexe 1 - re\u00b4fe\u00b4rentiel qualite\u00b4 version consolide\u00b4e (PDF - 175.16 Ko)\" data-entity-substitution=\"media\" data-entity-title=\"Annexe 1 - re\u00b4fe\u00b4rentiel qualite\u00b4 version consolide\u00b4e (PDF - 175.16 Ko)\" data-entity-type=\"media\" data-entity-uuid=\"7a095667-74d6-4811-acee-ab019667a1c5\" href=\"https:\/\/www.securite-routiere.gouv.fr\/sites\/default\/files\/2019-05\/annexe_1_-_referentiel_qualite_version_consolidee_0.pdf\" target=\"_blank\" title=\"Annexe 1 - re\u00b4fe\u00b4rentiel qualite\u00b4 version consolide\u00b4e\">R\u00e9f\u00e9rentiel \n        du label \u00ab\u00a0qualit\u00e9 des formations au sein des \u00e9coles de conduite\u00a0\u00bb<\/a> (PDF \n        &#8211; 175.16 Ko)<\/p>\n      <p><strong>Annexe 2 :<\/strong><\/p>\n      <p><a class=\"file-link\" data-entity-href=\"\/media\/5142\" data-entity-substitution=\"media\" data-entity-title=\"Annexe 2 - Guide du label (PDF - 380.87 Ko)\" data-entity-type=\"media\" data-entity-uuid=\"a6b6711e-c322-4468-8818-74e8985cd7ae\" href=\"https:\/\/www.securite-routiere.gouv.fr\/sites\/default\/files\/2019-05\/annexe_2_-_guide_du_label_version_1.pdf\" target=\"_blank\" title=\"Annexe 2 - Guide du label\">Guide \n        du label \u00ab\u00a0qualit\u00e9 des formations au sein des \u00e9coles de conduite\u00a0\u00bb<\/a> (PDF \n        &#8211; 380.87 Ko)<\/p>\n      <p><strong>Annexe 3 :<\/strong><\/p>\n      <p><a class=\"file-link\" data-entity-href=\"\/media\/5143\" data-entity-substitution=\"media\" data-entity-title=\"Annexe 3 - Formulaire de demande dadhesion au label (PDF - 270.52 Ko)\" data-entity-type=\"media\" data-entity-uuid=\"94ae068a-f09b-41a6-b9f6-3ad7d68c5f8a\" href=\"https:\/\/www.securite-routiere.gouv.fr\/sites\/default\/files\/2019-05\/annexe_3_-_formulaire_de_demande_d%27adhesion_au_label.pdf\" target=\"_blank\" title=\"Annexe 3 - Formulaire de demande dadhesion au label\">Formulaire \n        de demande d&rsquo;adh\u00e9sion au label<\/a> (PDF &#8211; 270.52 Ko)<\/p>\n      <p><strong>Annexe 4 :<\/strong><\/p>\n      <p><a class=\"file-link\" data-entity-href=\"Annexe 4 - Contrat de labellisation (PDF - 146.05 Ko)\" data-entity-substitution=\"media\" data-entity-title=\"Annexe 4 - Contrat de labellisation (PDF - 146.05 Ko)\" data-entity-type=\"media\" data-entity-uuid=\"c3602e30-4007-4375-af30-070afa8e78d4\" href=\"https:\/\/www.securite-routiere.gouv.fr\/sites\/default\/files\/2019-04\/annexe_4_-_contrat_de_labellisation.pdf\" onclick=\"return xt_click(this,'C','52','contrat-de-labellisation3',T')\" target=\"_blank\" title=\"Annexe 4 - Contrat de labellisation\">Contrat \n        de labellisation<\/a> (PDF &#8211; 146.05 Ko)<\/p>\n      <p><strong>Annexe 5 :<\/strong><\/p>\n      <p><a class=\"file-link\" data-entity-href=\"Annexe 5 certification de conformit\u00e9 (PDF - 101.58 Ko)\" data-entity-substitution=\"media\" data-entity-title=\"Annexe 5 certification de conformit\u00e9 (PDF - 101.58 Ko)\" data-entity-type=\"media\" data-entity-uuid=\"4c7941ee-154e-4cd3-bc48-443a15b5706a\" href=\"https:\/\/www.securite-routiere.gouv.fr\/sites\/default\/files\/2019-04\/annexe_5_-_certificat_de_conformite_au_label.pdf\" onclick=\"return xt_click(this,'C','52','certificat-de-conformite-au-label2',T')\" target=\"_blank\" title=\"Annexe 5 certification de conformit\u00e9\">Certificat \n        de conformit\u00e9 au label<\/a> (PDF &#8211; 101.58 Ko)<\/p>\n      <p><strong>Annexe 6 :<\/strong><\/p>\n      <p><a class=\"file-link\" data-entity-href=\"\/media\/3770\" data-entity-substitution=\"media\" data-entity-title=\"Annexe 6 - Guide d&amp;#039;instruction et daudit de suivi relatif au label (PDF - 285.98 Ko)\" data-entity-type=\"media\" data-entity-uuid=\"a2a9676f-8a41-4a54-ac84-a4ec00d6fb88\" href=\"https:\/\/www.securite-routiere.gouv.fr\/sites\/default\/files\/2019-09\/annexe_6_-_guide_d%27instruction_et_d%27audit_de_suivi_relatif_au_label.pdf\" onclick=\"return xt_click(this,'C','52','guide-d-instruction-et-d-audit-de-suivi-relatifs-au-label',T')\" target=\"_blank\" title=\"Annexe 6 - Guide d'instruction et daudit de suivi relatif au label\">Guide \n        d&rsquo;instruction et d&rsquo;audit de suivi relatifs au label<\/a> (PDF &#8211; 195.55 \n        Ko)<\/p>\n      <p><strong>Annexe 7 :<\/strong><\/p>\n      <p><a class=\"file-link\" data-entity-href=\"\/media\/4984\" data-entity-substitution=\"media\" data-entity-title=\"Annexe 7 grille d&amp;#039;instruction et audit de suivi du label (PDF - 384.99 Ko)\" data-entity-type=\"media\" data-entity-uuid=\"f573583e-cc57-4266-8416-e2bfa3e22e7e\" href=\"https:\/\/www.securite-routiere.gouv.fr\/sites\/default\/files\/2019-09\/annexe_7_-_grille_d%27instruction_et_d%27audit_de_suivi_du_label.pdf\" onclick=\"return xt_click(this,'C','52','grille-d-instruction-et-d-audit-de-suivi-du-label',T')\" target=\"_blank\" title=\"Annexe 7 grille d'instruction et audit de suivi du label\">Grille \n        d&rsquo;instruction et d&rsquo;audit de suivi du label<\/a> (PDF &#8211; 387.02 Ko)<\/p>\n      <p><strong>Annexe 8 :<\/strong><\/p>\n      <p><a class=\"file-link\" data-entity-href=\"\/media\/5040\" data-entity-substitution=\"media\" data-entity-title=\"Annexe 8 - Formulaire de demande dinscription de lequivalence au label (PDF - 246.4 Ko)\" data-entity-type=\"media\" data-entity-uuid=\"c6a34815-6e75-4b75-a0f6-6826647b0e90\" href=\"https:\/\/www.securite-routiere.gouv.fr\/sites\/default\/files\/2019-05\/annexe_8_-_formulaire_de_demande_d%27inscription_de_l%27equivalence_au_label.pdf\" target=\"_blank\" title=\"Annexe 8 - Formulaire de demande dinscription de lequivalence au label\">Formulaire \n        de demande d&rsquo;inscription de l&rsquo;\u00e9quivalence au label<\/a> (PDF &#8211; 246.4 Ko)<\/p>\n    <\/div><\/section>\n\n\n","protected":false},"excerpt":{"rendered":"<p>Le label \u00ab qualit\u00e9 des formations au sein des \u00e9coles de conduite \u00bb cr\u00e9\u00e9 par arr\u00eat\u00e9 du 26 f\u00e9vrier 2018 permet aux usagers d\u2019identifier imm\u00e9diatement une \u00e9cole de qualit\u00e9 r\u00e9pondant \u00e0 un cahier des charges pr\u00e9cis. Toutes les \u00e9coles de conduite et les \u00e9coles associatives peuvent pr\u00e9tendre au label. Un label pour garantir la qualit\u00e9&nbsp;&hellip;<\/p>\n","protected":false},"author":1,"featured_media":0,"parent":0,"menu_order":0,"comment_status":"closed","ping_status":"closed","template":"","meta":{"footnotes":""},"_links":{"self":[{"href":"https:\/\/autoecoleporras.com\/index.php\/wp-json\/wp\/v2\/pages\/158"}],"collection":[{"href":"https:\/\/autoecoleporras.com\/index.php\/wp-json\/wp\/v2\/pages"}],"about":[{"href":"https:\/\/autoecoleporras.com\/index.php\/wp-json\/wp\/v2\/types\/page"}],"author":[{"embeddable":true,"href":"https:\/\/autoecoleporras.com\/index.php\/wp-json\/wp\/v2\/users\/1"}],"replies":[{"embeddable":true,"href":"https:\/\/autoecoleporras.com\/index.php\/wp-json\/wp\/v2\/comments?post=158"}],"version-history":[{"count":4,"href":"https:\/\/autoecoleporras.com\/index.php\/wp-json\/wp\/v2\/pages\/158\/revisions"}],"predecessor-version":[{"id":190,"href":"https:\/\/autoecoleporras.com\/index.php\/wp-json\/wp\/v2\/pages\/158\/revisions\/190"}],"wp:attachment":[{"href":"https:\/\/autoecoleporras.com\/index.php\/wp-json\/wp\/v2\/media?parent=158"}],"curies":[{"name":"wp","href":"https:\/\/api.w.org\/{rel}","templated":true}]}}