{"id":228,"date":"2020-06-22T10:50:36","date_gmt":"2020-06-22T08:50:36","guid":{"rendered":"http:\/\/autoecoleporras.com\/?page_id=228"},"modified":"2023-11-20T10:35:52","modified_gmt":"2023-11-20T09:35:52","slug":"evaluation-de-depart","status":"publish","type":"page","link":"https:\/\/autoecoleporras.com\/index.php\/evaluation-de-depart\/","title":{"rendered":"Evaluation de d\u00e9part"},"content":{"rendered":"\n<p>Avant de commencer, veuillez remplir votre \u00e9valuation de d\u00e9part comme suit: <\/p>\n\n\n<div class=\"wp-block-image\">\n<figure class=\"aligncenter size-full\"><img decoding=\"async\" loading=\"lazy\" width=\"1100\" height=\"1565\" src=\"https:\/\/autoecoleporras.com\/wp-content\/uploads\/2023\/11\/easyevaluation_auto_ecole_porras.png\" alt=\"\" class=\"wp-image-1374\" srcset=\"https:\/\/autoecoleporras.com\/wp-content\/uploads\/2023\/11\/easyevaluation_auto_ecole_porras.png 1100w, https:\/\/autoecoleporras.com\/wp-content\/uploads\/2023\/11\/easyevaluation_auto_ecole_porras-211x300.png 211w, https:\/\/autoecoleporras.com\/wp-content\/uploads\/2023\/11\/easyevaluation_auto_ecole_porras-720x1024.png 720w, https:\/\/autoecoleporras.com\/wp-content\/uploads\/2023\/11\/easyevaluation_auto_ecole_porras-768x1093.png 768w, https:\/\/autoecoleporras.com\/wp-content\/uploads\/2023\/11\/easyevaluation_auto_ecole_porras-1080x1536.png 1080w, https:\/\/autoecoleporras.com\/wp-content\/uploads\/2023\/11\/easyevaluation_auto_ecole_porras-500x711.png 500w, https:\/\/autoecoleporras.com\/wp-content\/uploads\/2023\/11\/easyevaluation_auto_ecole_porras-800x1138.png 800w, https:\/\/autoecoleporras.com\/wp-content\/uploads\/2023\/11\/easyevaluation_auto_ecole_porras-759x1080.png 759w\" sizes=\"(max-width: 1100px) 100vw, 1100px\" \/><\/figure><\/div>\n\n\n<p> <a href=\"http:\/\/autoecoleporras.com\/pdf\/info-easypratique-papier.pdf\">A t\u00e9l\u00e9charger<\/a><\/p>\n","protected":false},"excerpt":{"rendered":"<p>Avant de commencer, veuillez remplir votre \u00e9valuation de d\u00e9part comme suit: A t\u00e9l\u00e9charger<\/p>\n","protected":false},"author":1,"featured_media":1488,"parent":0,"menu_order":0,"comment_status":"closed","ping_status":"closed","template":"","meta":{"footnotes":""},"_links":{"self":[{"href":"https:\/\/autoecoleporras.com\/index.php\/wp-json\/wp\/v2\/pages\/228"}],"collection":[{"href":"https:\/\/autoecoleporras.com\/index.php\/wp-json\/wp\/v2\/pages"}],"about":[{"href":"https:\/\/autoecoleporras.com\/index.php\/wp-json\/wp\/v2\/types\/page"}],"author":[{"embeddable":true,"href":"https:\/\/autoecoleporras.com\/index.php\/wp-json\/wp\/v2\/users\/1"}],"replies":[{"embeddable":true,"href":"https:\/\/autoecoleporras.com\/index.php\/wp-json\/wp\/v2\/comments?post=228"}],"version-history":[{"count":3,"href":"https:\/\/autoecoleporras.com\/index.php\/wp-json\/wp\/v2\/pages\/228\/revisions"}],"predecessor-version":[{"id":1376,"href":"https:\/\/autoecoleporras.com\/index.php\/wp-json\/wp\/v2\/pages\/228\/revisions\/1376"}],"wp:featuredmedia":[{"embeddable":true,"href":"https:\/\/autoecoleporras.com\/index.php\/wp-json\/wp\/v2\/media\/1488"}],"wp:attachment":[{"href":"https:\/\/autoecoleporras.com\/index.php\/wp-json\/wp\/v2\/media?parent=228"}],"curies":[{"name":"wp","href":"https:\/\/api.w.org\/{rel}","templated":true}]}}