{"id":233,"date":"2020-06-22T10:54:00","date_gmt":"2020-06-22T08:54:00","guid":{"rendered":"http:\/\/autoecoleporras.com\/?page_id=233"},"modified":"2024-03-12T09:07:26","modified_gmt":"2024-03-12T08:07:26","slug":"horaires-cours-theorique","status":"publish","type":"page","link":"https:\/\/autoecoleporras.com\/index.php\/horaires-cours-theorique\/","title":{"rendered":"Horaires des cours th\u00e9oriques"},"content":{"rendered":"\t\t<div data-elementor-type=\"wp-page\" data-elementor-id=\"233\" class=\"elementor elementor-233\">\n\t\t\t\t\t\t\t<div class=\"elementor-element elementor-element-75c6033c e-flex e-con-boxed e-con e-parent\" data-id=\"75c6033c\" data-element_type=\"container\" data-settings=\"{&quot;content_width&quot;:&quot;boxed&quot;}\" data-core-v316-plus=\"true\">\n\t\t\t\t\t<div class=\"e-con-inner\">\n\t\t\t\t<div class=\"elementor-element elementor-element-185da7a7 elementor-widget elementor-widget-text-editor\" data-id=\"185da7a7\" data-element_type=\"widget\" data-widget_type=\"text-editor.default\">\n\t\t\t\t<div class=\"elementor-widget-container\">\n\t\t\t<style>\/*! elementor - v3.16.0 - 20-09-2023 *\/\n.elementor-widget-text-editor.elementor-drop-cap-view-stacked .elementor-drop-cap{background-color:#69727d;color:#fff}.elementor-widget-text-editor.elementor-drop-cap-view-framed .elementor-drop-cap{color:#69727d;border:3px solid;background-color:transparent}.elementor-widget-text-editor:not(.elementor-drop-cap-view-default) .elementor-drop-cap{margin-top:8px}.elementor-widget-text-editor:not(.elementor-drop-cap-view-default) .elementor-drop-cap-letter{width:1em;height:1em}.elementor-widget-text-editor .elementor-drop-cap{float:left;text-align:center;line-height:1;font-size:50px}.elementor-widget-text-editor .elementor-drop-cap-letter{display:inline-block}<\/style>\t\t\t\t<p><!-- wp:html --><\/p>\n<div class=\"WordSection1\">\n<h2><strong>C.1.4.<\/strong><\/h2>\n<h2><strong>Horaires des cours th\u00e9oriques<\/strong><\/h2>\n<p>\u00a0<\/p>\n<p><strong>L\u2019auto-\u00e9cole PORRAS dispense plusieurs types de cours th\u00e9oriques\u00a0:<\/strong><\/p>\n<ul>\n<li><strong>Des cours th\u00e9oriques collectifs dans le cadre de l\u2018apprentissage<br \/>du code de la route aux heures d\u2019ouverture de l\u2019agence (projection DVD + cours<br \/>pr\u00e9sentiel + tests et commentaires)<\/strong><\/li>\n<\/ul>\n<\/div>\n<p><!-- \/wp:html --><\/p>\t\t\t\t\t\t<\/div>\n\t\t\t\t<\/div>\n\t\t\t\t\t<\/div>\n\t\t\t\t<\/div>\n\t\t<div class=\"elementor-element elementor-element-e0ad9c5 e-flex e-con-boxed e-con e-parent\" data-id=\"e0ad9c5\" data-element_type=\"container\" data-settings=\"{&quot;content_width&quot;:&quot;boxed&quot;}\" data-core-v316-plus=\"true\">\n\t\t\t\t\t<div class=\"e-con-inner\">\n\t\t\t\t<div class=\"elementor-element elementor-element-22a7787 elementor-widget elementor-widget-text-editor\" data-id=\"22a7787\" data-element_type=\"widget\" data-widget_type=\"text-editor.default\">\n\t\t\t\t<div class=\"elementor-widget-container\">\n\t\t\t\t\t\t\t<p>&nbsp;<\/p>\n<p>&nbsp;<\/p>\n<p><style type=\"text\/css\">\n<!--\n.Style1 {color: #FFFFFF}\n-->\n<\/style><\/p>\n<table border=\"1\" width=\"100%\" cellpadding=\"1\">\n<tbody>\n<tr bgcolor=\"#666666\">\n<td height=\"24\">\n<div align=\"center\"><span class=\"Style1 MsoNormal\"><strong><span style=\"font-size: 11.0pt; mso-bidi-font-size: 14.0pt; font-family: 'Arial',sans-serif; mso-bidi-font-family: Roboto-Regular;\">DATE<\/span><\/strong><\/span><\/div>\n<\/td>\n<td>\n<div align=\"center\"><span class=\"Style1 MsoNormal\"><strong><span style=\"font-size: 11.0pt; mso-bidi-font-size: 14.0pt; font-family: 'Arial',sans-serif; mso-bidi-font-family: Roboto-Regular;\">HORAIRES<\/span><\/strong><\/span><\/div>\n<\/td>\n<td>\n<div align=\"center\"><span class=\"Style1 MsoNormal\"><strong><span style=\"font-size: 11.0pt; mso-bidi-font-size: 14.0pt; font-family: 'Arial',sans-serif; mso-bidi-font-family: Roboto-Regular;\">THEMES<\/span><\/strong><\/span><\/div>\n<\/td>\n<\/tr>\n<tr bgcolor=\"#E9E9E9\">\n<td>\n<div align=\"center\"><span class=\"MsoNormal\"><span style=\"font-size: 9.0pt; font-family: 'Arial',sans-serif; mso-bidi-font-family: Roboto-Regular;\">25 mars 2024<\/span><\/span><\/div>\n<\/td>\n<td>\n<div align=\"center\"><span class=\"MsoNormal\"><span style=\"font-size: 9.0pt; mso-bidi-font-size: 14.0pt; font-family: 'Arial',sans-serif; mso-bidi-font-family: Roboto-Regular;\">15H00 \u00e0 16H00<\/span><\/span><\/div>\n<\/td>\n<td>\n<div align=\"center\"><span class=\"MsoNormal\"><span style=\"font-size: 9.0pt; mso-bidi-font-size: 14.0pt; font-family: 'Arial',sans-serif; mso-bidi-font-family: Roboto-Regular;\">ALCOOL &amp; STUPEFIANTS<\/span><\/span><\/div>\n<\/td>\n<\/tr>\n<tr bgcolor=\"#D6D6D6\">\n<td>\n<div align=\"center\"><span class=\"MsoNormal\"><span style=\"font-size: 9.0pt; font-family: 'Arial',sans-serif; mso-bidi-font-family: Roboto-Regular;\">23 mars 2024<\/span><\/span><\/div>\n<\/td>\n<td>\n<div align=\"center\"><span class=\"MsoNormal\"><span style=\"font-size: 4.0pt; mso-bidi-font-size: 14.0pt; font-family: 'Arial',sans-serif; mso-bidi-font-family: Roboto-Regular;\">\u00a0<\/span><span style=\"font-size: 9.0pt; mso-bidi-font-size: 14.0pt; font-family: 'Arial',sans-serif; mso-bidi-font-family: Roboto-Regular;\">10H00 \u00e0 11H00<\/span><\/span><\/div>\n<\/td>\n<td>\n<div align=\"center\"><span class=\"MsoNormal\"><span style=\"font-size: 9.0pt; mso-bidi-font-size: 14.0pt; font-family: 'Arial',sans-serif; mso-bidi-font-family: Roboto-Regular;\">SOMNOLENCE FATIGUE<\/span><\/span><\/div>\n<\/td>\n<\/tr>\n<tr bgcolor=\"#E9E9E9\">\n<td>\n<div align=\"center\"><span class=\"MsoNormal\"><span style=\"font-size: 9.0pt; mso-bidi-font-size: 14.0pt; font-family: 'Arial',sans-serif; mso-bidi-font-family: Roboto-Regular;\">27 mars 2024<\/span><\/span><\/div>\n<\/td>\n<td>\n<div align=\"center\"><span class=\"MsoNormal\"><span style=\"font-size: 4.0pt; mso-bidi-font-size: 14.0pt; font-family: 'Arial',sans-serif; mso-bidi-font-family: Roboto-Regular;\">\u00a0<\/span><span style=\"font-size: 9.0pt; mso-bidi-font-size: 14.0pt; font-family: 'Arial',sans-serif; mso-bidi-font-family: Roboto-Regular;\">15H00 \u00e0 16H00<\/span><\/span><\/div>\n<\/td>\n<td>\n<div align=\"center\"><span class=\"MsoNormal\"><span style=\"font-size: 9.0pt; mso-bidi-font-size: 14.0pt; font-family: 'Arial',sans-serif; mso-bidi-font-family: Roboto-Regular;\">DISTRACTEURS<\/span><\/span><\/div>\n<\/td>\n<\/tr>\n<tr bgcolor=\"#D6D6D6\">\n<td bgcolor=\"#D6D6D6\">\n<div align=\"center\"><span class=\"MsoNormal\"><span style=\"font-size: 4.0pt; mso-bidi-font-size: 14.0pt; font-family: 'Arial',sans-serif; mso-bidi-font-family: Roboto-Regular;\">\u00a0<\/span><span style=\"font-size: 9.0pt; mso-bidi-font-size: 14.0pt; font-family: 'Arial',sans-serif; mso-bidi-font-family: Roboto-Regular;\">30 mars 2024<\/span><\/span><\/div>\n<\/td>\n<td>\n<div align=\"center\"><span class=\"MsoNormal\"><span style=\"font-size: 4.0pt; mso-bidi-font-size: 14.0pt; font-family: 'Arial',sans-serif; mso-bidi-font-family: Roboto-Regular;\">\u00a0<\/span><span style=\"font-size: 9.0pt; mso-bidi-font-size: 14.0pt; font-family: 'Arial',sans-serif; mso-bidi-font-family: Roboto-Regular;\">10H00 \u00e0 11H00<\/span><\/span><\/div>\n<\/td>\n<td>\n<div align=\"center\"><span class=\"MsoNormal\"><span style=\"font-size: 9.0pt; mso-bidi-font-size: 14.0pt; font-family: 'Arial',sans-serif; mso-bidi-font-family: Roboto-Regular;\">VITESSE<\/span><\/span><\/div>\n<\/td>\n<\/tr>\n<tr bgcolor=\"#E9E9E9\">\n<td>\n<div align=\"center\"><span class=\"MsoNormal\"><span style=\"font-size: 9.0pt; mso-bidi-font-size: 14.0pt; font-family: 'Arial',sans-serif; mso-bidi-font-family: Roboto-Regular;\">3 avril 2024<\/span><\/span><\/div>\n<\/td>\n<td>\n<div align=\"center\"><span class=\"MsoNormal\"><span style=\"font-size: 4.0pt; mso-bidi-font-size: 14.0pt; font-family: 'Arial',sans-serif; mso-bidi-font-family: Roboto-Regular;\">\u00a0<\/span><span style=\"font-size: 9.0pt; mso-bidi-font-size: 14.0pt; font-family: 'Arial',sans-serif; mso-bidi-font-family: Roboto-Regular;\">15H00 \u00e0 16H00<\/span><\/span><\/div>\n<\/td>\n<td>\n<div align=\"center\"><span class=\"MsoNormal\"><span style=\"font-size: 9.0pt; mso-bidi-font-size: 14.0pt; font-family: 'Arial',sans-serif; mso-bidi-font-family: Roboto-Regular;\">SECURITE PASSIVE<\/span><\/span><\/div>\n<\/td>\n<\/tr>\n<tr bgcolor=\"#D6D6D6\">\n  <td><div align=\"center\"><span class=\"MsoNormal\"><span style=\"font-size: 9.0pt; mso-bidi-font-size: 14.0pt; font-family: 'Arial',sans-serif; mso-bidi-font-family: Roboto-Regular;\">6 avril 2024<\/span><\/span><\/div><\/td>\n  <td><div align=\"center\"><span class=\"MsoNormal\"><span style=\"font-size: 4.0pt; mso-bidi-font-size: 14.0pt; font-family: 'Arial',sans-serif; mso-bidi-font-family: Roboto-Regular;\">&nbsp;<\/span><span style=\"font-size: 9.0pt; mso-bidi-font-size: 14.0pt; font-family: 'Arial',sans-serif; mso-bidi-font-family: Roboto-Regular;\">10H00 &agrave; 11H00<\/span><\/span><\/div><\/td>\n  <td><div align=\"center\"><span class=\"MsoNormal\"><span style=\"font-size: 9.0pt; mso-bidi-font-size: 14.0pt; font-family: 'Arial',sans-serif; mso-bidi-font-family: Roboto-Regular;\">ALCOOL &amp; STUPEFIANTS<\/span><\/span><\/div><\/td>\n<\/tr>\n<tr bgcolor=\"#E9E9E9\">\n  <td><div align=\"center\"><span class=\"MsoNormal\"><span style=\"font-size: 9.0pt; mso-bidi-font-size: 14.0pt; font-family: 'Arial',sans-serif; mso-bidi-font-family: Roboto-Regular;\">10 avril 2024<\/span><\/span><\/div><\/td>\n  <td><div align=\"center\"><span class=\"MsoNormal\"><span style=\"font-size: 4.0pt; mso-bidi-font-size: 14.0pt; font-family: 'Arial',sans-serif; mso-bidi-font-family: Roboto-Regular;\">&nbsp;<\/span><span style=\"font-size: 9.0pt; mso-bidi-font-size: 14.0pt; font-family: 'Arial',sans-serif; mso-bidi-font-family: Roboto-Regular;\">15H00 &agrave; 16H00<\/span><\/span><\/div><\/td>\n  <td><div align=\"center\"><span class=\"MsoNormal\"><span style=\"font-size: 9.0pt; mso-bidi-font-size: 14.0pt; font-family: 'Arial',sans-serif; mso-bidi-font-family: Roboto-Regular;\">SOMNOLENCE FATIGUE<\/span><\/span><\/div><\/td>\n<\/tr>\n<tr bgcolor=\"#D6D6D6\">\n  <td><div align=\"center\"><span class=\"MsoNormal\"><span style=\"font-size: 9.0pt; mso-bidi-font-size: 14.0pt; font-family: 'Arial',sans-serif; mso-bidi-font-family: Roboto-Regular;\">13 avril 2024<\/span><\/span><\/div><\/td>\n  <td><div align=\"center\"><span class=\"MsoNormal\"><span style=\"font-size: 4.0pt; mso-bidi-font-size: 14.0pt; font-family: 'Arial',sans-serif; mso-bidi-font-family: Roboto-Regular;\">&nbsp;<\/span><span style=\"font-size: 9.0pt; mso-bidi-font-size: 14.0pt; font-family: 'Arial',sans-serif; mso-bidi-font-family: Roboto-Regular;\">10H00 &agrave; 11H00<\/span><\/span><\/div><\/td>\n  <td><div align=\"center\"><span class=\"MsoNormal\"><span style=\"font-size: 9.0pt; mso-bidi-font-size: 14.0pt; font-family: 'Arial',sans-serif; mso-bidi-font-family: Roboto-Regular;\">DISTRACTEURS<\/span><\/span><\/div><\/td>\n<\/tr>\n<\/tbody>\n<\/table>\n<p>&nbsp;<\/p>\t\t\t\t\t\t<\/div>\n\t\t\t\t<\/div>\n\t\t\t\t\t<\/div>\n\t\t\t\t<\/div>\n\t\t<div class=\"elementor-element elementor-element-5b9d2b7 e-flex e-con-boxed e-con e-parent\" data-id=\"5b9d2b7\" data-element_type=\"container\" data-settings=\"{&quot;content_width&quot;:&quot;boxed&quot;}\" data-core-v316-plus=\"true\">\n\t\t\t\t\t<div class=\"e-con-inner\">\n\t\t\t\t<div class=\"elementor-element elementor-element-2632f12 elementor-widget elementor-widget-text-editor\" data-id=\"2632f12\" data-element_type=\"widget\" data-widget_type=\"text-editor.default\">\n\t\t\t\t<div class=\"elementor-widget-container\">\n\t\t\t\t\t\t\t<ul>\n<li><strong>Des cours th\u00e9oriques sur des th\u00e9matiques sp\u00e9cifiques sont programm\u00e9s aux horaires suivants :<\/strong><\/li>\n<\/ul>\n<p>Ces horaires programm\u00e9s mensuellement sont affich\u00e9s dans l\u2019agence et sur le site internet de l\u2019auto-\u00e9cole. <br \/>D\u2019autres th\u00e9matiques \u00e0 venir\u00a0:<\/p>\n<ol>\n<li>S\u00e9curit\u00e9 routi\u00e8re<\/li>\n<li>Eco-conduite<\/li>\n<li>Vitesse,<\/li>\n<li>Visibilit\u00e9 et \u00e9clairage<\/li>\n<li>D\u00e9faut de port de la ceinture de s\u00e9curit\u00e9<\/li>\n<li>Constats d\u2019assurances<\/li>\n<\/ol>\n<p>\u00a0<\/p>\t\t\t\t\t\t<\/div>\n\t\t\t\t<\/div>\n\t\t\t\t\t<\/div>\n\t\t\t\t<\/div>\n\t\t\t\t\t\t\t<\/div>\n\t\t","protected":false},"excerpt":{"rendered":"<p>C.1.4. Horaires des cours th\u00e9oriques \u00a0 L\u2019auto-\u00e9cole PORRAS dispense plusieurs types de cours th\u00e9oriques\u00a0: Des cours th\u00e9oriques collectifs dans le cadre de l\u2018apprentissagedu code de la route aux heures d\u2019ouverture de l\u2019agence (projection DVD + courspr\u00e9sentiel + tests et commentaires) &nbsp; &nbsp; DATE HORAIRES THEMES 25 mars 2024 15H00 \u00e0 16H00 ALCOOL &amp; STUPEFIANTS 23&nbsp;&hellip;<\/p>\n","protected":false},"author":1,"featured_media":1489,"parent":0,"menu_order":0,"comment_status":"closed","ping_status":"closed","template":"","meta":{"footnotes":""},"_links":{"self":[{"href":"https:\/\/autoecoleporras.com\/index.php\/wp-json\/wp\/v2\/pages\/233"}],"collection":[{"href":"https:\/\/autoecoleporras.com\/index.php\/wp-json\/wp\/v2\/pages"}],"about":[{"href":"https:\/\/autoecoleporras.com\/index.php\/wp-json\/wp\/v2\/types\/page"}],"author":[{"embeddable":true,"href":"https:\/\/autoecoleporras.com\/index.php\/wp-json\/wp\/v2\/users\/1"}],"replies":[{"embeddable":true,"href":"https:\/\/autoecoleporras.com\/index.php\/wp-json\/wp\/v2\/comments?post=233"}],"version-history":[{"count":17,"href":"https:\/\/autoecoleporras.com\/index.php\/wp-json\/wp\/v2\/pages\/233\/revisions"}],"predecessor-version":[{"id":1943,"href":"https:\/\/autoecoleporras.com\/index.php\/wp-json\/wp\/v2\/pages\/233\/revisions\/1943"}],"wp:featuredmedia":[{"embeddable":true,"href":"https:\/\/autoecoleporras.com\/index.php\/wp-json\/wp\/v2\/media\/1489"}],"wp:attachment":[{"href":"https:\/\/autoecoleporras.com\/index.php\/wp-json\/wp\/v2\/media?parent=233"}],"curies":[{"name":"wp","href":"https:\/\/api.w.org\/{rel}","templated":true}]}}