{"id":292,"date":"2020-07-16T10:12:08","date_gmt":"2020-07-16T08:12:08","guid":{"rendered":"http:\/\/autoecoleporras.com\/?page_id=292"},"modified":"2024-03-11T16:32:52","modified_gmt":"2024-03-11T15:32:52","slug":"parcours-de-formation-categorie-a1-a2","status":"publish","type":"page","link":"https:\/\/autoecoleporras.com\/index.php\/parcours-de-formation-categorie-a1-a2\/","title":{"rendered":"Parcours de formation categorie A1, A2"},"content":{"rendered":"\t\t<div data-elementor-type=\"wp-page\" data-elementor-id=\"292\" class=\"elementor elementor-292\">\n\t\t\t\t\t\t\t<div class=\"elementor-element elementor-element-df60105 e-flex e-con-boxed e-con e-parent\" data-id=\"df60105\" data-element_type=\"container\" data-settings=\"{&quot;content_width&quot;:&quot;boxed&quot;}\" data-core-v316-plus=\"true\">\n\t\t\t\t\t<div class=\"e-con-inner\">\n\t\t\t\t<div class=\"elementor-element elementor-element-b0621ba elementor-widget elementor-widget-text-editor\" data-id=\"b0621ba\" data-element_type=\"widget\" data-widget_type=\"text-editor.default\">\n\t\t\t\t<div class=\"elementor-widget-container\">\n\t\t\t<style>\/*! elementor - v3.16.0 - 20-09-2023 *\/\n.elementor-widget-text-editor.elementor-drop-cap-view-stacked .elementor-drop-cap{background-color:#69727d;color:#fff}.elementor-widget-text-editor.elementor-drop-cap-view-framed .elementor-drop-cap{color:#69727d;border:3px solid;background-color:transparent}.elementor-widget-text-editor:not(.elementor-drop-cap-view-default) .elementor-drop-cap{margin-top:8px}.elementor-widget-text-editor:not(.elementor-drop-cap-view-default) .elementor-drop-cap-letter{width:1em;height:1em}.elementor-widget-text-editor .elementor-drop-cap{float:left;text-align:center;line-height:1;font-size:50px}.elementor-widget-text-editor .elementor-drop-cap-letter{display:inline-block}<\/style>\t\t\t\t<h2>Parcours de formation cat\u00e9gorie A1, A2<\/h2>\n<p>Apprendre \u00e0 conduire est une d\u00e9marche \u00e9ducative exigeante qui demande \u00e0 l\u2019\u00e9l\u00e8ve de la concentration, de l\u2019assiduit\u00e9 et de la motivation.<br \/>Le parcours qui vous est propos\u00e9 vous permettra de progresser dans votre formation pour vous amener en situation de r\u00e9ussite aux examens du permis de conduire.<br \/>En signant le contrat pour cette formation \u00e0 la conduite et \u00e0 la s\u00e9curit\u00e9 routi\u00e8re, vous vous engagez \u00e0 suivre obligatoirement le parcours de formation :<\/p>\n<h4>Parcours th\u00e9orique<\/h4>\n<p>La formation th\u00e9orique portant sur des questions \u00ab d\u2019entra\u00eenement au code \u00bb pourra \u00eatre suivie \u00e0 votre rythme, soit dans les locaux de l\u2019\u00e9cole de conduite avec un support m\u00e9dia (DVD, Box) ou avec un enseignant (v\u00e9rifier les heures de pr\u00e9sence de l\u2019enseignant sur le tableau d\u2019affichage) ou via Internet (option d\u2019achat d\u2019acc\u00e8s).<br \/>La formation portant sur des th\u00e9matiques sp\u00e9cifiques se d\u00e9roule collectivement, dans les locaux de l\u2019\u00e9cole de conduite, et est dispens\u00e9e en pr\u00e9sence d\u2019un enseignant de la conduite et de la s\u00e9curit\u00e9 routi\u00e8re titulaire d\u2019une autorisation d\u2019enseigner en cours de validit\u00e9.<\/p>\n<p>En fonction de votre emploi du temps, vous venez au cours \u00e0 votre rythme. Pensez \u00e0 v\u00e9rifier les jours, les horaires et les th\u00e9matiques sur le tableau d\u2019affichage.<\/p>\t\t\t\t\t\t<\/div>\n\t\t\t\t<\/div>\n\t\t\t\t\t<\/div>\n\t\t\t\t<\/div>\n\t\t<div class=\"elementor-element elementor-element-0b8214e e-flex e-con-boxed e-con e-parent\" data-id=\"0b8214e\" data-element_type=\"container\" data-settings=\"{&quot;content_width&quot;:&quot;boxed&quot;}\" data-core-v316-plus=\"true\">\n\t\t\t\t\t<div class=\"e-con-inner\">\n\t\t\t\t<div class=\"elementor-element elementor-element-9cca185 elementor-widget elementor-widget-image\" data-id=\"9cca185\" data-element_type=\"widget\" data-widget_type=\"image.default\">\n\t\t\t\t<div class=\"elementor-widget-container\">\n\t\t\t<style>\/*! elementor - v3.16.0 - 20-09-2023 *\/\n.elementor-widget-image{text-align:center}.elementor-widget-image a{display:inline-block}.elementor-widget-image a img[src$=\".svg\"]{width:48px}.elementor-widget-image img{vertical-align:middle;display:inline-block}<\/style>\t\t\t\t\t\t\t\t\t\t\t\t<img decoding=\"async\" loading=\"lazy\" width=\"1024\" height=\"768\" src=\"https:\/\/autoecoleporras.com\/wp-content\/uploads\/2023\/11\/moto_auto_ecole_porras-1024x768.png\" class=\"attachment-large size-large wp-image-1228\" alt=\"motos ecole porras\" srcset=\"https:\/\/autoecoleporras.com\/wp-content\/uploads\/2023\/11\/moto_auto_ecole_porras-1024x768.png 1024w, https:\/\/autoecoleporras.com\/wp-content\/uploads\/2023\/11\/moto_auto_ecole_porras-300x225.png 300w, https:\/\/autoecoleporras.com\/wp-content\/uploads\/2023\/11\/moto_auto_ecole_porras-768x576.png 768w, https:\/\/autoecoleporras.com\/wp-content\/uploads\/2023\/11\/moto_auto_ecole_porras-1536x1152.png 1536w, https:\/\/autoecoleporras.com\/wp-content\/uploads\/2023\/11\/moto_auto_ecole_porras-500x375.png 500w, https:\/\/autoecoleporras.com\/wp-content\/uploads\/2023\/11\/moto_auto_ecole_porras-800x600.png 800w, https:\/\/autoecoleporras.com\/wp-content\/uploads\/2023\/11\/moto_auto_ecole_porras-1280x960.png 1280w, https:\/\/autoecoleporras.com\/wp-content\/uploads\/2023\/11\/moto_auto_ecole_porras-1920x1440.png 1920w, https:\/\/autoecoleporras.com\/wp-content\/uploads\/2023\/11\/moto_auto_ecole_porras-1232x924.png 1232w, https:\/\/autoecoleporras.com\/wp-content\/uploads\/2023\/11\/moto_auto_ecole_porras-1440x1080.png 1440w, https:\/\/autoecoleporras.com\/wp-content\/uploads\/2023\/11\/moto_auto_ecole_porras.png 2000w\" sizes=\"(max-width: 1024px) 100vw, 1024px\" \/>\t\t\t\t\t\t\t\t\t\t\t\t\t\t\t<\/div>\n\t\t\t\t<\/div>\n\t\t\t\t\t<\/div>\n\t\t\t\t<\/div>\n\t\t<div class=\"elementor-element elementor-element-c913043 e-flex e-con-boxed e-con e-parent\" data-id=\"c913043\" data-element_type=\"container\" data-settings=\"{&quot;content_width&quot;:&quot;boxed&quot;}\" data-core-v316-plus=\"true\">\n\t\t\t\t\t<div class=\"e-con-inner\">\n\t\t\t\t<div class=\"elementor-element elementor-element-998384f elementor-widget elementor-widget-text-editor\" data-id=\"998384f\" data-element_type=\"widget\" data-widget_type=\"text-editor.default\">\n\t\t\t\t<div class=\"elementor-widget-container\">\n\t\t\t\t\t\t\t<h4>Parcours pratique<\/h4>\n<p><strong>Durant cette phase d\u2019apprentissage, vous travaillerez sur piste :<\/strong><\/p>\n<ul>\n<li>L\u2019utilisation des commandes du v\u00e9hicule (embrayage, frein avant \/ arri\u00e8re, s\u00e9lecteur de vitesse, etc.) ;<\/li>\n<li>La position de conduite s\u00e9curitaire ;<\/li>\n<li>La maniabilit\u00e9 et l\u2019\u00e9quilibre ;<\/li>\n<li>La position du regard et la trajectoire ;<\/li>\n<li>Les capacit\u00e9s en termes d\u2019acc\u00e9l\u00e9ration et de freinage ;<\/li>\n<li>L\u2019effet gyroscopique d\u2019un v\u00e9hicule deux-roues.<\/li>\n<\/ul>\n<p><strong>Pendant la phase pratique, vous serez amen\u00e9 \u00e0 circuler :<\/strong><\/p>\n<p>\u00a0<\/p>\n<ul>\n<li>en ville ;<\/li>\n<li>en rase campagne ;<\/li>\n<li>sur autoroute ;<\/li>\n<li>de nuit (le\u00e7ons prises en hiver) ;<\/li>\n<li>sur route sinueuse pour travailler la prise de virage et la trajectoire.<\/li>\n<\/ul>\t\t\t\t\t\t<\/div>\n\t\t\t\t<\/div>\n\t\t\t\t\t<\/div>\n\t\t\t\t<\/div>\n\t\t<div class=\"elementor-element elementor-element-06271ad e-flex e-con-boxed e-con e-parent\" data-id=\"06271ad\" data-element_type=\"container\" data-settings=\"{&quot;content_width&quot;:&quot;boxed&quot;}\" data-core-v316-plus=\"true\">\n\t\t\t\t\t<div class=\"e-con-inner\">\n\t\t\t\t<div class=\"elementor-element elementor-element-53c83fc elementor-invisible elementor-widget elementor-widget-image\" data-id=\"53c83fc\" data-element_type=\"widget\" data-settings=\"{&quot;_animation&quot;:&quot;fadeIn&quot;}\" data-widget_type=\"image.default\">\n\t\t\t\t<div class=\"elementor-widget-container\">\n\t\t\t\t\t\t\t\t\t\t\t\t\t\t\t<img decoding=\"async\" loading=\"lazy\" width=\"1017\" height=\"630\" src=\"https:\/\/autoecoleporras.com\/wp-content\/uploads\/2024\/01\/moto_porras.png\" class=\"attachment-large size-large wp-image-1644\" alt=\"\" srcset=\"https:\/\/autoecoleporras.com\/wp-content\/uploads\/2024\/01\/moto_porras.png 1017w, https:\/\/autoecoleporras.com\/wp-content\/uploads\/2024\/01\/moto_porras-300x186.png 300w, https:\/\/autoecoleporras.com\/wp-content\/uploads\/2024\/01\/moto_porras-768x476.png 768w, https:\/\/autoecoleporras.com\/wp-content\/uploads\/2024\/01\/moto_porras-500x310.png 500w, https:\/\/autoecoleporras.com\/wp-content\/uploads\/2024\/01\/moto_porras-800x496.png 800w\" sizes=\"(max-width: 1017px) 100vw, 1017px\" \/>\t\t\t\t\t\t\t\t\t\t\t\t\t\t\t<\/div>\n\t\t\t\t<\/div>\n\t\t\t\t\t<\/div>\n\t\t\t\t<\/div>\n\t\t\t\t\t\t\t<\/div>\n\t\t","protected":false},"excerpt":{"rendered":"<p>Parcours de formation cat\u00e9gorie A1, A2 Apprendre \u00e0 conduire est une d\u00e9marche \u00e9ducative exigeante qui demande \u00e0 l\u2019\u00e9l\u00e8ve de la concentration, de l\u2019assiduit\u00e9 et de la motivation.Le parcours qui vous est propos\u00e9 vous permettra de progresser dans votre formation pour vous amener en situation de r\u00e9ussite aux examens du permis de conduire.En signant le contrat&nbsp;&hellip;<\/p>\n","protected":false},"author":1,"featured_media":1650,"parent":0,"menu_order":0,"comment_status":"closed","ping_status":"closed","template":"","meta":{"footnotes":""},"_links":{"self":[{"href":"https:\/\/autoecoleporras.com\/index.php\/wp-json\/wp\/v2\/pages\/292"}],"collection":[{"href":"https:\/\/autoecoleporras.com\/index.php\/wp-json\/wp\/v2\/pages"}],"about":[{"href":"https:\/\/autoecoleporras.com\/index.php\/wp-json\/wp\/v2\/types\/page"}],"author":[{"embeddable":true,"href":"https:\/\/autoecoleporras.com\/index.php\/wp-json\/wp\/v2\/users\/1"}],"replies":[{"embeddable":true,"href":"https:\/\/autoecoleporras.com\/index.php\/wp-json\/wp\/v2\/comments?post=292"}],"version-history":[{"count":15,"href":"https:\/\/autoecoleporras.com\/index.php\/wp-json\/wp\/v2\/pages\/292\/revisions"}],"predecessor-version":[{"id":1893,"href":"https:\/\/autoecoleporras.com\/index.php\/wp-json\/wp\/v2\/pages\/292\/revisions\/1893"}],"wp:featuredmedia":[{"embeddable":true,"href":"https:\/\/autoecoleporras.com\/index.php\/wp-json\/wp\/v2\/media\/1650"}],"wp:attachment":[{"href":"https:\/\/autoecoleporras.com\/index.php\/wp-json\/wp\/v2\/media?parent=292"}],"curies":[{"name":"wp","href":"https:\/\/api.w.org\/{rel}","templated":true}]}}