{"id":296,"date":"2020-07-16T10:17:09","date_gmt":"2020-07-16T08:17:09","guid":{"rendered":"http:\/\/autoecoleporras.com\/?page_id=296"},"modified":"2024-03-11T18:04:41","modified_gmt":"2024-03-11T17:04:41","slug":"parcours-de-formation-categorie-be","status":"publish","type":"page","link":"https:\/\/autoecoleporras.com\/index.php\/parcours-de-formation-categorie-be\/","title":{"rendered":"Parcours de formation cat\u00e9gorie BE"},"content":{"rendered":"\t\t<div data-elementor-type=\"wp-page\" data-elementor-id=\"296\" class=\"elementor elementor-296\">\n\t\t\t\t\t\t\t<div class=\"elementor-element elementor-element-d5e216e e-flex e-con-boxed e-con e-parent\" data-id=\"d5e216e\" data-element_type=\"container\" data-settings=\"{&quot;content_width&quot;:&quot;boxed&quot;}\" data-core-v316-plus=\"true\">\n\t\t\t\t\t<div class=\"e-con-inner\">\n\t\t\t\t<div class=\"elementor-element elementor-element-9451793 elementor-widget elementor-widget-text-editor\" data-id=\"9451793\" data-element_type=\"widget\" data-widget_type=\"text-editor.default\">\n\t\t\t\t<div class=\"elementor-widget-container\">\n\t\t\t<style>\/*! elementor - v3.16.0 - 20-09-2023 *\/\n.elementor-widget-text-editor.elementor-drop-cap-view-stacked .elementor-drop-cap{background-color:#69727d;color:#fff}.elementor-widget-text-editor.elementor-drop-cap-view-framed .elementor-drop-cap{color:#69727d;border:3px solid;background-color:transparent}.elementor-widget-text-editor:not(.elementor-drop-cap-view-default) .elementor-drop-cap{margin-top:8px}.elementor-widget-text-editor:not(.elementor-drop-cap-view-default) .elementor-drop-cap-letter{width:1em;height:1em}.elementor-widget-text-editor .elementor-drop-cap{float:left;text-align:center;line-height:1;font-size:50px}.elementor-widget-text-editor .elementor-drop-cap-letter{display:inline-block}<\/style>\t\t\t\t<h4>PARCOURS DE FORMATION CAT\u00c9GORIE BE<\/h4><p>Apprendre \u00e0 conduire est une d\u00e9marche \u00e9ducative exigeante qui demande \u00e0 l&rsquo;\u00e9l\u00e8ve de la concentration, de l\u2019assiduit\u00e9 et de la motivation.<br \/>Le parcours qui vous est propos\u00e9 vous permettra de progresser dans votre formation pour vous amener en situation de r\u00e9ussite aux examens du permis de conduire.<\/p><p><strong>En signant le contrat<\/strong> pour cette formation \u00e0 la conduite et \u00e0 la s\u00e9curit\u00e9 routi\u00e8re, vous vous engagez \u00e0 <strong>suivre obligatoirement le parcours de formation :<\/strong><\/p><h4>Parcours th\u00e9orique<\/h4><p>La formation th\u00e9orique portant sur des questions \u00ab d\u2019entra\u00eenement au code \u00bb pourra \u00eatre suivie \u00e0 votre rythme, soit dans les locaux de l\u2019\u00e9cole de conduite avec un support m\u00e9dia (DVD, Box) ou avec un enseignant (v\u00e9rifier les heures de pr\u00e9sence de l\u2019enseignant sur le tableau d\u2019affichage) ou via Internet (option d\u2019achat d\u2019acc\u00e8s).<\/p><p>La formation portant sur des th\u00e9matiques sp\u00e9cifiques se d\u00e9roule collectivement, dans les locaux de l\u2019\u00e9cole de conduite, et est dispens\u00e9e en pr\u00e9sence d\u2019un enseignant de la conduite et de la s\u00e9curit\u00e9 routi\u00e8re titulaire d\u2019une autorisation d\u2019enseigner en cours de validit\u00e9.<\/p><p>En fonction de votre emploi du temps, vous venez au cours \u00e0 votre rythme. Pensez \u00e0 v\u00e9rifier les jours, les horaires et les th\u00e9matiques sur le tableau d\u2019affichage.<\/p><h4>Parcours pratique<\/h4><p>Durant cette phase d\u2019apprentissage, vous travaillerez sur piste\u00a0:<\/p><ul><li>Le d\u00e9telage et l\u2019attelage de la remorque au v\u00e9hicule tracteur ;<\/li><li>La position de conduite s\u00e9curitaire ;<\/li><li>La maniabilit\u00e9 et l\u2019\u00e9quilibre ;<\/li><li>La position du regard et la trajectoire ;<\/li><li>Les capacit\u00e9s en termes d\u2019acc\u00e9l\u00e9ration et de freinage ;<\/li><\/ul><p><strong>Pendant la phase pratique, vous serez amen\u00e9 \u00e0 circuler :<\/strong><\/p><ul><li>en ville ;<\/li><li>en rase campagne ;<\/li><li>sur autoroute ;<\/li><li>de nuit (le\u00e7ons prises en hiver) ;<\/li><li>sur route sinueuse pour travailler la prise de virage et la trajectoire.<\/li><\/ul>\t\t\t\t\t\t<\/div>\n\t\t\t\t<\/div>\n\t\t\t\t\t<\/div>\n\t\t\t\t<\/div>\n\t\t\t\t\t\t\t<\/div>\n\t\t","protected":false},"excerpt":{"rendered":"<p>PARCOURS DE FORMATION CAT\u00c9GORIE BE Apprendre \u00e0 conduire est une d\u00e9marche \u00e9ducative exigeante qui demande \u00e0 l&rsquo;\u00e9l\u00e8ve de la concentration, de l\u2019assiduit\u00e9 et de la motivation. Le parcours qui vous est propos\u00e9 vous permettra de progresser dans votre formation pour vous amener en situation de r\u00e9ussite aux examens du permis de conduire. En signant le&nbsp;&hellip;<\/p>\n","protected":false},"author":1,"featured_media":1917,"parent":0,"menu_order":0,"comment_status":"closed","ping_status":"closed","template":"pro\/page-templates\/full-width-page.php","meta":{"footnotes":""},"_links":{"self":[{"href":"https:\/\/autoecoleporras.com\/index.php\/wp-json\/wp\/v2\/pages\/296"}],"collection":[{"href":"https:\/\/autoecoleporras.com\/index.php\/wp-json\/wp\/v2\/pages"}],"about":[{"href":"https:\/\/autoecoleporras.com\/index.php\/wp-json\/wp\/v2\/types\/page"}],"author":[{"embeddable":true,"href":"https:\/\/autoecoleporras.com\/index.php\/wp-json\/wp\/v2\/users\/1"}],"replies":[{"embeddable":true,"href":"https:\/\/autoecoleporras.com\/index.php\/wp-json\/wp\/v2\/comments?post=296"}],"version-history":[{"count":9,"href":"https:\/\/autoecoleporras.com\/index.php\/wp-json\/wp\/v2\/pages\/296\/revisions"}],"predecessor-version":[{"id":1918,"href":"https:\/\/autoecoleporras.com\/index.php\/wp-json\/wp\/v2\/pages\/296\/revisions\/1918"}],"wp:featuredmedia":[{"embeddable":true,"href":"https:\/\/autoecoleporras.com\/index.php\/wp-json\/wp\/v2\/media\/1917"}],"wp:attachment":[{"href":"https:\/\/autoecoleporras.com\/index.php\/wp-json\/wp\/v2\/media?parent=296"}],"curies":[{"name":"wp","href":"https:\/\/api.w.org\/{rel}","templated":true}]}}