{"id":333,"date":"2020-07-16T19:33:15","date_gmt":"2020-07-16T17:33:15","guid":{"rendered":"http:\/\/autoecoleporras.com\/?page_id=333"},"modified":"2024-01-03T07:25:13","modified_gmt":"2024-01-03T06:25:13","slug":"conduite-supervisee","status":"publish","type":"page","link":"https:\/\/autoecoleporras.com\/index.php\/conduite-supervisee\/","title":{"rendered":"Conduite supervis\u00e9e"},"content":{"rendered":"\t\t<div data-elementor-type=\"wp-page\" data-elementor-id=\"333\" class=\"elementor elementor-333\">\n\t\t\t\t\t\t\t<div class=\"elementor-element elementor-element-85da5a7 e-flex e-con-boxed e-con e-parent\" data-id=\"85da5a7\" data-element_type=\"container\" data-settings=\"{&quot;content_width&quot;:&quot;boxed&quot;}\" data-core-v316-plus=\"true\">\n\t\t\t\t\t<div class=\"e-con-inner\">\n\t\t\t\t<div class=\"elementor-element elementor-element-03cf74d elementor-widget elementor-widget-image\" data-id=\"03cf74d\" data-element_type=\"widget\" data-widget_type=\"image.default\">\n\t\t\t\t<div class=\"elementor-widget-container\">\n\t\t\t<style>\/*! elementor - v3.16.0 - 20-09-2023 *\/\n.elementor-widget-image{text-align:center}.elementor-widget-image a{display:inline-block}.elementor-widget-image a img[src$=\".svg\"]{width:48px}.elementor-widget-image img{vertical-align:middle;display:inline-block}<\/style>\t\t\t\t\t\t\t\t\t\t\t\t<img decoding=\"async\" loading=\"lazy\" width=\"150\" height=\"150\" src=\"https:\/\/autoecoleporras.com\/wp-content\/uploads\/2023\/11\/icone_permis-CS.png\" class=\"attachment-1536x1536 size-1536x1536 wp-image-1258\" alt=\"\" \/>\t\t\t\t\t\t\t\t\t\t\t\t\t\t\t<\/div>\n\t\t\t\t<\/div>\n\t\t\t\t\t<\/div>\n\t\t\t\t<\/div>\n\t\t<div class=\"elementor-element elementor-element-dbe77b3 e-flex e-con-boxed e-con e-parent\" data-id=\"dbe77b3\" data-element_type=\"container\" data-settings=\"{&quot;content_width&quot;:&quot;boxed&quot;}\" data-core-v316-plus=\"true\">\n\t\t\t\t\t<div class=\"e-con-inner\">\n\t\t\t\t<div class=\"elementor-element elementor-element-b95089e elementor-widget elementor-widget-text-editor\" data-id=\"b95089e\" data-element_type=\"widget\" data-widget_type=\"text-editor.default\">\n\t\t\t\t<div class=\"elementor-widget-container\">\n\t\t\t<style>\/*! elementor - v3.16.0 - 20-09-2023 *\/\n.elementor-widget-text-editor.elementor-drop-cap-view-stacked .elementor-drop-cap{background-color:#69727d;color:#fff}.elementor-widget-text-editor.elementor-drop-cap-view-framed .elementor-drop-cap{color:#69727d;border:3px solid;background-color:transparent}.elementor-widget-text-editor:not(.elementor-drop-cap-view-default) .elementor-drop-cap{margin-top:8px}.elementor-widget-text-editor:not(.elementor-drop-cap-view-default) .elementor-drop-cap-letter{width:1em;height:1em}.elementor-widget-text-editor .elementor-drop-cap{float:left;text-align:center;line-height:1;font-size:50px}.elementor-widget-text-editor .elementor-drop-cap-letter{display:inline-block}<\/style>\t\t\t\t<h4>CS : Conduite Supervis\u00e9e<\/h4><p><strong>Pour s\u2019inscrire \u00e0 la conduite supervis\u00e9e il faut :<\/strong><\/p><ul><li>avoir 18 ans ou plus<\/li><li>avoir l\u2019accord de l\u2019assureur du v\u00e9hicule.<\/li><\/ul><p>On peut choisir la conduite supervis\u00e9e au moment de l\u2019inscription \u00e0 l\u2019auto-\u00e9cole ou apr\u00e8s un \u00e9chec \u00e0 l\u2019\u00e9preuve pratique.<\/p><p>Pour y acc\u00e9der, il faut avoir r\u00e9ussi le code de la route, avoir suivi une formation pratique avec un enseignant de l\u2019\u00e9cole de conduite (20 heures minimum), avoir b\u00e9n\u00e9fici\u00e9 d\u2019une \u00e9valuation favorable de la part de son enseignant de la conduite et de la s\u00e9curit\u00e9 routi\u00e8re.<\/p><p><strong>Apr\u00e8s la phase de formation initiale, le candidat doit :<\/strong><\/p><p>Avoir obtenu un accord pr\u00e9alable \u00e9crit de la soci\u00e9t\u00e9 d\u2019assurances sur l\u2019extension de garantie n\u00e9cessaire pour la conduite du ou des v\u00e9hicules utilis\u00e9(s) au cours de la future phase de conduite supervis\u00e9e. Cet accord pr\u00e9cise le ou les noms des accompagnateurs autoris\u00e9s par la soci\u00e9t\u00e9 d\u2019assurances \u00e0 avoir cette fonction. Il est joint au contrat de formation de l\u2019\u00e9l\u00e8ve, qui pr\u00e9cise les obligations relatives \u00e0 la fonction d\u2019accompagnateur et les conditions sp\u00e9cifiques \u00e0 la conduite supervis\u00e9e, ou \u00e0 l\u2019avenant au contrat de formation, si le choix de la conduite supervis\u00e9e a \u00e9t\u00e9 d\u00e9cid\u00e9 apr\u00e8s la conclusion du contrat.<\/p><p><strong>Avoir obtenu l\u2019attestation de fin de formation initiale (AFFI).<\/strong> <br \/>Un exemplaire est transmis \u00e0 la soci\u00e9t\u00e9 d\u2019assurances par le souscripteur du contrat de formation.<\/p><p><strong>Apr\u00e8s un \u00e9chec \u00e0 l\u2019\u00e9preuve pratique de l\u2019examen du permis de conduire, le candidat doit :<br \/><\/strong>Avoir obtenu un accord pr\u00e9alable \u00e9crit de la soci\u00e9t\u00e9 d\u2019assurances.<\/p><p>Avoir la fin de formation initiale<\/p><p>Avoir obtenu une autorisation de conduire en conduite supervis\u00e9e. Un exemplaire est transmis, d\u00e8s sa d\u00e9livrance, \u00e0 la soci\u00e9t\u00e9 d\u2019assurances par le souscripteur du contrat de formation.<\/p><h4><strong>Quels sont les avantages de la conduite supervis\u00e9e ?<\/strong><\/h4><p><strong>La conduite supervis\u00e9e permet :<\/strong><\/p><p>d\u2019acqu\u00e9rir de l\u2019exp\u00e9rience de conduite \u00e0 moindre co\u00fbt pour compl\u00e9ter sa formation initiale et, en cas d\u2019\u00e9chec \u00e0 l\u2019examen pratique, d\u2019am\u00e9liorer ses acquis en attendant de le repasser.<br \/>d\u2019augmenter sensiblement ses chances de r\u00e9ussite \u00e0 l\u2019examen du permis de conduire : 74% de chances de l\u2019obtenir d\u00e8s la premi\u00e8re fois contre 55% par la voie de l\u2019apprentissage traditionnel.<br \/>Qui peut \u00eatre accompagnateur ?<\/p><p><strong>L\u2019accompagnateur doit:<\/strong><\/p><ul><li>\u00eatre titulaire du permis B (permis automobile) depuis au moins cinq ans sans interruption<\/li><li>avoir obtenu l\u2019accord de son assureur ;<\/li><li>\u00eatre mentionn\u00e9 dans le contrat sign\u00e9 avec l\u2019\u00e9cole de conduite.<\/li><\/ul><p>Il est possible d\u2019avoir plusieurs accompagnateurs, \u00e9galement hors du cadre familial.<\/p><p><strong>Comment se d\u00e9roule la conduite supervis\u00e9e ?<\/strong><\/p><p>La conduite supervis\u00e9e se d\u00e9roule avec un accompagnateur.<\/p><p>Cette p\u00e9riode d\u00e9bute par un <strong>rendez-vous pr\u00e9alable<\/strong> qui a lieu en pr\u00e9sence de l\u2019enseignant et du futur accompagnateur, au moment o\u00f9 l\u2019enseignant estime que l\u2019\u00e9l\u00e8ve est pr\u00eat \u00e0 conduire avec son accompagnateur. L\u2019enseignant dispense alors ses conseils aux deux parties pour bien commencer la p\u00e9riode de conduite accompagn\u00e9e.<\/p>\t\t\t\t\t\t<\/div>\n\t\t\t\t<\/div>\n\t\t\t\t\t<\/div>\n\t\t\t\t<\/div>\n\t\t<div class=\"elementor-element elementor-element-a02faee e-flex e-con-boxed e-con e-parent\" data-id=\"a02faee\" data-element_type=\"container\" data-settings=\"{&quot;content_width&quot;:&quot;boxed&quot;}\" data-core-v316-plus=\"true\">\n\t\t\t\t\t<div class=\"e-con-inner\">\n\t\t\t\t<div class=\"elementor-element elementor-element-39734c1 elementor-widget elementor-widget-image\" data-id=\"39734c1\" data-element_type=\"widget\" data-widget_type=\"image.default\">\n\t\t\t\t<div class=\"elementor-widget-container\">\n\t\t\t\t\t\t\t\t\t\t\t\t\t\t\t<img decoding=\"async\" loading=\"lazy\" width=\"1024\" height=\"576\" src=\"https:\/\/autoecoleporras.com\/wp-content\/uploads\/2024\/01\/etapes_cs-1-1024x576.png\" class=\"attachment-large size-large wp-image-1628\" alt=\"\" srcset=\"https:\/\/autoecoleporras.com\/wp-content\/uploads\/2024\/01\/etapes_cs-1-1024x576.png 1024w, https:\/\/autoecoleporras.com\/wp-content\/uploads\/2024\/01\/etapes_cs-1-300x169.png 300w, https:\/\/autoecoleporras.com\/wp-content\/uploads\/2024\/01\/etapes_cs-1-768x432.png 768w, https:\/\/autoecoleporras.com\/wp-content\/uploads\/2024\/01\/etapes_cs-1-500x281.png 500w, https:\/\/autoecoleporras.com\/wp-content\/uploads\/2024\/01\/etapes_cs-1-800x450.png 800w, https:\/\/autoecoleporras.com\/wp-content\/uploads\/2024\/01\/etapes_cs-1-1280x720.png 1280w, https:\/\/autoecoleporras.com\/wp-content\/uploads\/2024\/01\/etapes_cs-1-1232x693.png 1232w, https:\/\/autoecoleporras.com\/wp-content\/uploads\/2024\/01\/etapes_cs-1.png 1366w\" sizes=\"(max-width: 1024px) 100vw, 1024px\" \/>\t\t\t\t\t\t\t\t\t\t\t\t\t\t\t<\/div>\n\t\t\t\t<\/div>\n\t\t\t\t\t<\/div>\n\t\t\t\t<\/div>\n\t\t\t\t\t\t\t<\/div>\n\t\t","protected":false},"excerpt":{"rendered":"<p>CS : Conduite Supervis\u00e9e Pour s\u2019inscrire \u00e0 la conduite supervis\u00e9e il faut : avoir 18 ans ou plus avoir l\u2019accord de l\u2019assureur du v\u00e9hicule. On peut choisir la conduite supervis\u00e9e au moment de l\u2019inscription \u00e0 l\u2019auto-\u00e9cole ou apr\u00e8s un \u00e9chec \u00e0 l\u2019\u00e9preuve pratique. Pour y acc\u00e9der, il faut avoir r\u00e9ussi le code de la route,&nbsp;&hellip;<\/p>\n","protected":false},"author":1,"featured_media":1448,"parent":0,"menu_order":0,"comment_status":"closed","ping_status":"closed","template":"","meta":{"footnotes":""},"_links":{"self":[{"href":"https:\/\/autoecoleporras.com\/index.php\/wp-json\/wp\/v2\/pages\/333"}],"collection":[{"href":"https:\/\/autoecoleporras.com\/index.php\/wp-json\/wp\/v2\/pages"}],"about":[{"href":"https:\/\/autoecoleporras.com\/index.php\/wp-json\/wp\/v2\/types\/page"}],"author":[{"embeddable":true,"href":"https:\/\/autoecoleporras.com\/index.php\/wp-json\/wp\/v2\/users\/1"}],"replies":[{"embeddable":true,"href":"https:\/\/autoecoleporras.com\/index.php\/wp-json\/wp\/v2\/comments?post=333"}],"version-history":[{"count":11,"href":"https:\/\/autoecoleporras.com\/index.php\/wp-json\/wp\/v2\/pages\/333\/revisions"}],"predecessor-version":[{"id":1631,"href":"https:\/\/autoecoleporras.com\/index.php\/wp-json\/wp\/v2\/pages\/333\/revisions\/1631"}],"wp:featuredmedia":[{"embeddable":true,"href":"https:\/\/autoecoleporras.com\/index.php\/wp-json\/wp\/v2\/media\/1448"}],"wp:attachment":[{"href":"https:\/\/autoecoleporras.com\/index.php\/wp-json\/wp\/v2\/media?parent=333"}],"curies":[{"name":"wp","href":"https:\/\/api.w.org\/{rel}","templated":true}]}}