{"id":34,"date":"2020-06-02T11:33:32","date_gmt":"2020-06-02T09:33:32","guid":{"rendered":"http:\/\/autoecoleporras.com\/?page_id=34"},"modified":"2023-11-17T11:48:43","modified_gmt":"2023-11-17T10:48:43","slug":"les-actualites","status":"publish","type":"page","link":"https:\/\/autoecoleporras.com\/index.php\/les-actualites\/","title":{"rendered":"Les actualit\u00e9s"},"content":{"rendered":"<!-- wp:extendstudio\/materialis-->\n<div  data-label=\"Overlappable\" data-id=\"overlappable--1\" data-export-id=\"overlappable-3\" data-category=\"overlappable\" class=\"overlappable-3 content-section content-section-spacing-large\" data-overlap=\"true\" id=\"overlappable-1\" style=\"background-color: rgb(255, 255, 255);\">\n<div  class=\"\">\n<div  class=\"row bg-color-white mdc-elevation--z5\">\n<div  class=\"col-xs-12 col-sm-6 image-col\" data-size=\"600x400\" data-bg=\"image\" style=\"background-image: url(&quot;https:\/\/autoecoleporras.com\/wp-content\/uploads\/2023\/11\/cropped-feux_auto_ecole_porras.jpg&quot;);\"><\/div>\n<div  class=\"col-xs-12 col-sm-6 content-col col-padding \">\n<div  class=\"col-padding\" data-type=\"column\">\n<h4  class=\"\">Nouvelle loi du permis de conduire 2023<\/h4>\n<p  class=\"\">La nouvelle loi permis de conduire 2023 promet de faciliter l\u2019examen pour les candidats et d\u2019aider les professionnels d\u00e9sireux d\u2019exercer la profession de moniteur d\u2019auto-\u00e9cole. \u00c0 quelles nouveaut\u00e9s faut-il s\u2019attendre au niveau de l\u2019inscription \u00e0 la formation, de l\u2019examen de conduite et de l\u2019attribution de l\u2019agr\u00e9ment pour les professionnels\u2009?<\/p>\n <a class=\"button null color1 mdc-ripple-upgraded\" href=\"https:\/\/www.vroomly.com\/blog\/actu-nouvelle-loi-permis-de-conduire-2023\" target=\"_self\" data-cp-link=\"1\" data-icon=\"\" rel=\"noopener\">En savoir plus sur vroom vroom<\/a><\/div>\n<\/div>\n<\/div>\n<div  class=\"row bg-color-white mdc-elevation--z5\">\n<div  class=\"col-xs-12 col-sm-6 content-col col-padding \">\n<div  class=\"col-padding\" data-type=\"column\">\n<h4  class=\"\">Nouveau Code de la route 2023<\/h4>\n<p  class=\"\">Le nouvel examen du Code de la route 2023 entre en vigueur le 12 septembre 2023. Il faut toujours 35 bonnes r\u00e9ponses sur 40 pour avoir son code, mais des changements interviennent sur le contenu des questions et leur mise en forme. En revanche, pas de changements sur la r\u00e8glementation du Code de la route en tant que telle. Tous les centres d\u2019examen appliqueront cette r\u00e9forme de l\u2019examen. Pour que vous puissiez aborder sereinement votre \u00e9preuve du code de la route, Codes Rousseau vous d\u00e9taille tout ce qui change et ce qu\u2019il faut savoir pour bien r\u00e9pondre aux questions.<\/p>\n <a class=\"button null color1 mdc-ripple-upgraded\" href=\"https:\/\/public.codesrousseau.fr\/conseils-pratiques\/973-nouveau-code-de-la-route-2023-les-nouveautes.html\" target=\"_self\" data-cp-link=\"1\" data-icon=\"\" rel=\"noopener\">En savoir plus sur codesrousseau.fr<\/a><\/div>\n<\/div>\n<div  data-size=\"600x400\" class=\"col-xs-12 col-sm-6 image-col2 first-xs last-sm\" data-bg=\"image\" style=\"background-image: url(&quot;https:\/\/autoecoleporras.com\/wp-content\/uploads\/2023\/11\/cropped-panneau_circulation_auto_ecole_porras.jpg&quot;);\"><\/div>\n<\/div>\n<\/div>\n<\/div>\n<!-- \/wp:extendstudio\/materialis-->","protected":false},"excerpt":{"rendered":"<p>Nouvelle loi du permis de conduire 2023 La nouvelle loi permis de conduire 2023 promet de faciliter l\u2019examen pour les candidats et d\u2019aider les professionnels d\u00e9sireux d\u2019exercer la profession de moniteur d\u2019auto-\u00e9cole. \u00c0 quelles nouveaut\u00e9s faut-il s\u2019attendre au niveau de l\u2019inscription \u00e0 la formation, de l\u2019examen de conduite et de l\u2019attribution de l\u2019agr\u00e9ment pour les&nbsp;&hellip;<\/p>\n","protected":false},"author":1,"featured_media":1459,"parent":0,"menu_order":0,"comment_status":"closed","ping_status":"closed","template":"pro\/page-templates\/full-width-page.php","meta":{"footnotes":""},"_links":{"self":[{"href":"https:\/\/autoecoleporras.com\/index.php\/wp-json\/wp\/v2\/pages\/34"}],"collection":[{"href":"https:\/\/autoecoleporras.com\/index.php\/wp-json\/wp\/v2\/pages"}],"about":[{"href":"https:\/\/autoecoleporras.com\/index.php\/wp-json\/wp\/v2\/types\/page"}],"author":[{"embeddable":true,"href":"https:\/\/autoecoleporras.com\/index.php\/wp-json\/wp\/v2\/users\/1"}],"replies":[{"embeddable":true,"href":"https:\/\/autoecoleporras.com\/index.php\/wp-json\/wp\/v2\/comments?post=34"}],"version-history":[{"count":10,"href":"https:\/\/autoecoleporras.com\/index.php\/wp-json\/wp\/v2\/pages\/34\/revisions"}],"predecessor-version":[{"id":1460,"href":"https:\/\/autoecoleporras.com\/index.php\/wp-json\/wp\/v2\/pages\/34\/revisions\/1460"}],"wp:featuredmedia":[{"embeddable":true,"href":"https:\/\/autoecoleporras.com\/index.php\/wp-json\/wp\/v2\/media\/1459"}],"wp:attachment":[{"href":"https:\/\/autoecoleporras.com\/index.php\/wp-json\/wp\/v2\/media?parent=34"}],"curies":[{"name":"wp","href":"https:\/\/api.w.org\/{rel}","templated":true}]}}