{"id":378,"date":"2020-08-03T21:54:54","date_gmt":"2020-08-03T19:54:54","guid":{"rendered":"http:\/\/autoecoleporras.com\/?page_id=378"},"modified":"2020-08-03T21:54:55","modified_gmt":"2020-08-03T19:54:55","slug":"conditions-dutilisation","status":"publish","type":"page","link":"https:\/\/autoecoleporras.com\/index.php\/conditions-dutilisation\/","title":{"rendered":"Conditions d&rsquo;utilisation"},"content":{"rendered":"\n<h3>Pr\u00e9ambule<\/h3>\n<p>Les pr\u00e9sentes conditions r\u00e9gissent les relations contractuelles entre, d&rsquo;une part,<\/p>\n<p>www.Auto Ecole Porras.com, ci-apr\u00e8s d\u00e9nomm\u00e9 \u00ab\u00a0<strong>Auto Ecole Porras<\/strong>\u00ab\u00a0, site de commerce \u00e9lectronique d\u00e9tenu par l&rsquo;entreprise St\u00e9phane Delplanques.<\/p>\n<p>Conform\u00e9ment aux dispositions des articles 6-III et 19 de la loi pour la Confiance dans l&rsquo;\u00c9conomie Num\u00e9rique, nous vous informons que l&rsquo;entreprise St\u00e9phane Delplanques est une Entreprise Individuelle , dont le si\u00e8ge social est situ\u00e9 28 rue Jean-Baptiste Bardin \u00e0 Sept\u00e8me (38780),&nbsp; dont le N\u00b0 SIRET est 452 648 256 00074 et le N\u00b0 de TVA Intracommunautaire est FR70 452648256. Chaque \u00e9tablissement d&rsquo;enseignement exerce sous agr\u00e9ment prefectoral d\u00e9livr\u00e9 par le Pr\u00e9fet de l&rsquo;Is\u00e8re, dont les num\u00e9ros sont les suivants : Vienne 56 rue Victor Hugo n\u00b0 E 050 3807650, Chuzelles place du Belv\u00e9d\u00e8re n\u00b0 E 040 3807520, Sept\u00e8me 28 rue Jean-Baptiste Bardin n\u00b0 E140 3800090, Chasse sur Rh\u00f4ne 43 chemin des Barbi\u00e8res n\u00b0 E 110 3808850 et Luzinay Z.A la Noy\u00e9r\u00e9e III n\u00b0 E 100 3808400. Le site est h\u00e9berg\u00e9 en France sur les serveurs de la soci\u00e9t\u00e9&nbsp;: <strong>OVH <\/strong><span style=\"font-size: 9.0pt; font-family: 'Arial','sans-serif'; color: #3c3c3c;\">SAS <\/span><span style=\"font-size: 9.0pt; font-family: 'Arial','sans-serif'; color: #3c3c3c;\">au capital de 10&nbsp;059&nbsp;500&nbsp;\u20ac<\/span> enregistr\u00e9e au RCS Lille M\u00e9tropole sous le n\u00b0 424 761 419 00045 Code APE 6202A N\u00b0 TVA : FR 22 424 761 419 Si\u00e8ge social : 2 rue Kellermann &#8211; 59100 Roubaix &#8211; France. Le pr\u00e9sent site a fait l&rsquo;objet d&rsquo;une d\u00e9claration \u00e0 la CNIL sous le n\u00b0 1928952 v 0.<br>Le directeur de publication d&rsquo;<strong>Auto Ecole Porras <\/strong>est le g\u00e9rant de l&rsquo;entreprise individuelle.<\/p>\n<p>et, toute personne d\u00e9sireuse d\u2019effectuer un achat via<strong> Auto Ecole Porras<\/strong>, ci-apr\u00e8s d\u00e9nomm\u00e9 \u00ab\u00a0l&rsquo;Acheteur\u00a0\u00bb, d\u2019autre part.<\/p>\n<h3>1. Acceptation des conditions<\/h3>\n<p>En validant une commande, les deux parties reconnaissent avoir pris connaissance des pr\u00e9sentes conditions g\u00e9n\u00e9rales de ventes et d\u00e9clarent les accepter sans r\u00e9serve.<br>Ces conditions g\u00e9n\u00e9rales de vente pr\u00e9valent sur toute autre condition figurant dans tout autre document, sauf d\u00e9rogation pr\u00e9alable, expresse et \u00e9crite d\u00e9livr\u00e9e par<strong> Auto Ecole Porras<\/strong>. Elles peuvent \u00eatre modifi\u00e9es \u00e0 tout moment par<strong>&nbsp;<strong>Auto Ecole Porras<\/strong><\/strong> et s\u2019appliquent \u00e0 toute vente post\u00e9rieure \u00e0 leur publication sur le site.<\/p>\n<h3>2. Produits<\/h3>\n<p>Les produits et services offerts sont ceux qui figurent dans le catalogue publi\u00e9 dans le pr\u00e9sent site, dans la limite des stocks disponibles.<br>Chaque produit est accompagn\u00e9 d\u2019un descriptif \u00e9tablit par le fournisseur.<\/p>\n<p><strong>Auto Ecole Porras<\/strong> d\u00e9cline \u00e9galement toute responsabilit\u00e9 quant aux cons\u00e9quences d&rsquo;un acte malveillant caus\u00e9 par un tiers et ayant entra\u00een\u00e9 une modification du contenu du site.<\/p>\n<h3>3. Prix<\/h3>\n<p>Les prix des produits sont indiqu\u00e9s en Euros (\u20ac), toutes taxes comprises (TTC), hors participation aux frais d&rsquo;exp\u00e9dition.<\/p>\n<p>Les prix mentionn\u00e9s sur&nbsp;<strong>Auto Ecole Porras<\/strong> sont valables au moment de leur consultation par l\u2019Acheteur ou pendant la p\u00e9riode indiqu\u00e9e. Les prix factur\u00e9s sont ceux en vigueur au moment de la commande.<\/p>\n<p>Selon le pays vers lequel la commande est exp\u00e9di\u00e9e, l\u2019Acheteur peut \u00eatre consid\u00e9r\u00e9 comme l&rsquo;importateur du\/des produits. Dans ce cas les droits de douane ou autres taxes locales ou droits d&rsquo;importation ou taxes d&rsquo;\u00e9tat sont susceptibles d&rsquo;\u00eatre exigibles. Ces droits ne rel\u00e8vent pas du ressort de <strong><strong>Auto Ecole Porras<\/strong><\/strong>, mais sont \u00e0 la charge de l\u2019Acheteur. Ils rel\u00e8vent de son enti\u00e8re responsabilit\u00e9 tant en termes de d\u00e9clarations que de paiements aux autorit\u00e9s et organismes comp\u00e9tents du pays destinataire. Il est donc conseill\u00e9 \u00e0 l&rsquo;Acheteur de se renseigner sur ces aspects aupr\u00e8s de ses autorit\u00e9s locales.<\/p>\n<h3>4. Commande<\/h3>\n<p>Les syst\u00e8mes d&rsquo;enregistrement automatique sont consid\u00e9r\u00e9s comme valant preuve, de la nature, du contenu, du prix, de la date et des coordonn\u00e9es du destinataire de la commande.<\/p>\n<p>La vente ne sera conclue qu&rsquo;\u00e0 compter de la confirmation de la commande et validation du paiement par l&rsquo;organisme bancaire concern\u00e9.<strong>&nbsp;<strong>Auto Ecole Porras<\/strong><\/strong> confirmera l&rsquo;acceptation de sa commande \u00e0 l\u2019Acheteur \u00e0 l&rsquo;adresse mail que celui-ci aura communiqu\u00e9.<br><strong>Auto Ecole Porras <\/strong>se r\u00e9serve le droit d&rsquo;annuler toute commande d&rsquo;un client avec lequel existerait un litige relatif \u00e0 une commande ant\u00e9rieure.<\/p>\n<p>Les informations \u00e9nonc\u00e9es par l\u2019Acheteur lors de la prise de commande engagent celui-ci : en cas d&rsquo;erreur dans le libell\u00e9 des coordonn\u00e9es du destinataire,<strong>&nbsp;<strong>Auto Ecole Porras<\/strong><\/strong> ne saurait \u00eatre tenu responsable de l&rsquo;impossibilit\u00e9 dans laquelle il pourrait \u00eatre de livrer le produit.<\/p>\n<p>A d\u00e9faut de disponibilit\u00e9 d\u2019un produit,<strong>&nbsp;<strong>Auto Ecole Porras<\/strong><\/strong> s\u2019engage \u00e0 en informer au plus vite l\u2019Acheteur. En cas d\u2019indisponibilit\u00e9 au-del\u00e0 de 30 jours d\u2019un produit command\u00e9 et pay\u00e9, l\u2019annulation de la commande de ce produit et son remboursement seront alors effectu\u00e9s sur simple demande \u00e9crite, le reste de la commande demeurant ferme et d\u00e9finitif.<\/p>\n<h3>5. Paiement<\/h3>\n<p><strong>Auto Ecole Porras<\/strong>&nbsp;met \u00e0 la disposition de l&rsquo;Acheteur plusieurs moyens de paiements:<\/p>\n<p>-Paiement s\u00e9curis\u00e9 <strong>Cr\u00e9dit agricole<\/strong> par carte de cr\u00e9dit,<br>-Virement: le num\u00e9ro du compte \u00e0 cr\u00e9diter est communiqu\u00e9 \u00e0 l&rsquo;Acheteur au moment de la validation de votre commande.<\/p>\n<h3>6. Livraison<\/h3>\n<p><strong><strong>Auto Ecole Porras <\/strong><\/strong>livre partout en France.<\/p>\n<p><strong>Auto Ecole Porras&nbsp; <\/strong>s\u2019engage, apr\u00e8s confirmation d\u2019une commande et validation du paiement, \u00e0 faire parvenir au transporteur choisi les produits en stock command\u00e9s dans un d\u00e9lai de 24h ouvr\u00e9es. Les commandes pass\u00e9es le vendredi, samedi et dimanche seront exp\u00e9di\u00e9es le lundi.<\/p>\n<p>L\u2019Acheteur peut suivre l\u2019\u00e9tat d\u2019avancement de son colis en se connectant sur le site internet du transporteur choisi. En cas d&rsquo;absence au moment de la livraison, un avis de passage pr\u00e9cisant o\u00f9 et quand le colis pourra \u00eatre retir\u00e9 sera d\u00e9pos\u00e9 dans la bo\u00eete aux lettres du destinataire.<\/p>\n<p>Toute anomalie constat\u00e9e au moment de la livraison (avarie, produit manquant par rapport \u00e0 la facture, colis endommag\u00e9, produits cass\u00e9s\u2026), doit \u00eatre imm\u00e9diatement signal\u00e9e au transporteur et par e-mail ou par courrier simple \u00e0<strong>&nbsp;<strong>Auto Ecole Porras<\/strong><\/strong> pour b\u00e9n\u00e9ficier de l\u2019assurance pr\u00e9vue par le transporteur.<\/p>\n<h3>7. Retour<\/h3>\n<p>Un article ne vous satisfait pas? Conform\u00e9ment aux normes fran\u00e7aises en vigueur, l&rsquo;Acheteur particuliers dispose d&rsquo;un d\u00e9lai de 14 jours ouvr\u00e9s \u00e0 compter de la r\u00e9ception du colis pour excercer son droit de \u00ab\u00a0r\u00e9tractation\u00a0\u00bb.<\/p>\n<p><strong>Pr\u00e9alablement \u00e0 tout retour, l&rsquo;Acheteur doit informer&nbsp;<strong>Auto Ecole Porras<\/strong> de ses intentions par e-mail en pr\u00e9cisant le num\u00e9ro de commande ainsi que son souhait: \u00e9change, ou remboursement.<\/strong><\/p>\n<p>Adresse de retour:<br>Auto Ecole Porras &#8211; Service retours<br>56 RUE VICTOR HUGO &#8211; Vienne 38200<\/p>\n<p>A moins que l&rsquo;article livr\u00e9 soit d\u00e9fectueux ou ne corresponde pas \u00e0 la r\u00e9f\u00e9rence command\u00e9e, les frais de retour seront \u00e0 la charge de l&rsquo;Acheteur.<\/p>\n<p>Pour que le retour soit accept\u00e9, l&rsquo;article ne devra en aucun cas avoir subit une utilisation ni aucune modification emp\u00eachant sa recommercialisation. Il devra \u00eatre restitu\u00e9 dans son emballage d&rsquo;origine.<\/p>\n<p>Dans le cas d&rsquo;un retour conforme<strong>&nbsp;<strong>Auto Ecole Porras<\/strong><\/strong> proc\u00e8dera \u00e0 l&rsquo;\u00e9change de l&rsquo;article ou remboursera \u00e0 l&rsquo;Acheteur dans un d\u00e9lai de 30 jours, via le m\u00eame moyen de paiement que celui utilis\u00e9 lors de la commande. A d\u00e9faut de conformit\u00e9, l&rsquo;article sera retourn\u00e9 \u00e0 l&rsquo;Acheteur, \u00e0 ses frais.<\/p>\n<p>Ce droit de r\u00e9tractation ne s&rsquo;applique pas aux entreprises.<\/p>\n<h3>8. Garantie des produits et Service Apr\u00e8s Vente<\/h3>\n<h3>9. Informations nominatives<\/h3>\n<p>Dans le respect de la vie priv\u00e9e de l&rsquo;Acheteur, <strong><strong>Auto Ecole Porras<\/strong><\/strong> s&rsquo;engage \u00e0 ce que la collecte et le traitement d&rsquo;informations personnelles, soient effectu\u00e9s au sein du site conform\u00e9ment \u00e0 la loi n\u00b078-17 du 6 janvier 1978 relative \u00e0 l&rsquo;informatique, aux fichiers et aux libert\u00e9s, dite Loi \u00ab Informatique et Libert\u00e9s \u00bb.<\/p>\n<p>Conform\u00e9ment \u00e0 l&rsquo;article 34 de cette m\u00eame loi,<strong>&nbsp;<strong>Auto Ecole Porras<\/strong><\/strong> garantit \u00e0 l&rsquo;Acheteur un droit d&rsquo;opposition, d&rsquo;acc\u00e8s et de rectification sur les donn\u00e9es nominatives le concernant, via l&rsquo;Espace membre du site.<\/p>\n<h3>10. Limite de responsabilit\u00e9<\/h3>\n<p align=\"justify\"><strong>Auto Ecole Porras<\/strong>, dans le processus de vente en ligne, n\u2019est tenu que par une obligation de moyens; sa responsabilit\u00e9 ne pourra \u00eatre engag\u00e9e pour un dommage r\u00e9sultant de l\u2019utilisation du r\u00e9seau Internet tel que perte de donn\u00e9es, intrusion, virus, rupture du service, ou autres probl\u00e8mes involontaires.<\/p>\n<h3>11. Propri\u00e9t\u00e9 intellectuelle<\/h3>\n<p><strong>Auto Ecole Porras<\/strong>&nbsp;est la propri\u00e9t\u00e9 de l&rsquo;entrprise St\u00e9phane Delplanques en sa totalit\u00e9, ainsi que l&rsquo;ensemble des droits y aff\u00e9rents. Toute reproduction, int\u00e9grale ou partielle, doit syst\u00e9matiquement \u00eatre soumise \u00e0 l&rsquo;autorisation des propri\u00e9taires. Toutefois, les liaisons du type hypertextes vers le site sont autoris\u00e9es sans demande sp\u00e9cifique mais St\u00e9phane Delplanques d\u00e9gage toute responsabilit\u00e9 dans le cas o\u00f9 le contenu de ces sites contreviendrait aux lois et r\u00e8glements en vigueur.<\/p>\n","protected":false},"excerpt":{"rendered":"<p>Pr\u00e9ambule Les pr\u00e9sentes conditions r\u00e9gissent les relations contractuelles entre, d&rsquo;une part, www.Auto Ecole Porras.com, ci-apr\u00e8s d\u00e9nomm\u00e9 \u00ab\u00a0Auto Ecole Porras\u00ab\u00a0, site de commerce \u00e9lectronique d\u00e9tenu par l&rsquo;entreprise St\u00e9phane Delplanques. Conform\u00e9ment aux dispositions des articles 6-III et 19 de la loi pour la Confiance dans l&rsquo;\u00c9conomie Num\u00e9rique, nous vous informons que l&rsquo;entreprise St\u00e9phane Delplanques est une Entreprise&nbsp;&hellip;<\/p>\n","protected":false},"author":1,"featured_media":0,"parent":0,"menu_order":0,"comment_status":"closed","ping_status":"closed","template":"","meta":{"footnotes":""},"_links":{"self":[{"href":"https:\/\/autoecoleporras.com\/index.php\/wp-json\/wp\/v2\/pages\/378"}],"collection":[{"href":"https:\/\/autoecoleporras.com\/index.php\/wp-json\/wp\/v2\/pages"}],"about":[{"href":"https:\/\/autoecoleporras.com\/index.php\/wp-json\/wp\/v2\/types\/page"}],"author":[{"embeddable":true,"href":"https:\/\/autoecoleporras.com\/index.php\/wp-json\/wp\/v2\/users\/1"}],"replies":[{"embeddable":true,"href":"https:\/\/autoecoleporras.com\/index.php\/wp-json\/wp\/v2\/comments?post=378"}],"version-history":[{"count":1,"href":"https:\/\/autoecoleporras.com\/index.php\/wp-json\/wp\/v2\/pages\/378\/revisions"}],"predecessor-version":[{"id":379,"href":"https:\/\/autoecoleporras.com\/index.php\/wp-json\/wp\/v2\/pages\/378\/revisions\/379"}],"wp:attachment":[{"href":"https:\/\/autoecoleporras.com\/index.php\/wp-json\/wp\/v2\/media?parent=378"}],"curies":[{"name":"wp","href":"https:\/\/api.w.org\/{rel}","templated":true}]}}