{"id":906,"date":"2023-10-16T16:24:37","date_gmt":"2023-10-16T14:24:37","guid":{"rendered":"https:\/\/autoecoleporras.com\/?page_id=906"},"modified":"2023-11-17T12:06:16","modified_gmt":"2023-11-17T11:06:16","slug":"le-reglement-interieur","status":"publish","type":"page","link":"https:\/\/autoecoleporras.com\/index.php\/le-reglement-interieur\/","title":{"rendered":"Le r\u00e8glement int\u00e9rieur"},"content":{"rendered":"\n<h2 class=\"wp-block-heading\"><strong>Le r\u00e8glement int\u00e9rieur<\/strong><\/h2>\n\n\n\n<p><\/p>\n\n\n\n<\/p>\n<p>Ce r\u00e8glement est applicable par l\u2019ensemble des \u00e9l\u00e8ves ou stagiaires.<\/p>\n<p>\n\n\n\n<\/p>\n<h4 class=\"wp-block-heading\"><strong><u>Article 1\u00a0: R\u00e8gles d\u2019hygi\u00e8ne et de s\u00e9curit\u00e9<\/u><\/strong><\/h4>\n<p>\n\n\n\n<\/p>\n<p>Sur les lieux de formation et \u00e0 bord des v\u00e9hicules destin\u00e9s \u00e0 l\u2019enseignement, l\u2019\u00e9l\u00e8ve doit se conformer aux instructions particuli\u00e8res donn\u00e9es par les formateurs en ce qui concerne les r\u00e8gles de s\u00e9curit\u00e9.<\/p>\n<p>\n\n\n\n<\/p>\n<p>Sur les lieux de formation et \u00e0 bord des v\u00e9hicules destin\u00e9s \u00e0 l\u2019enseignement, l\u2019\u00e9l\u00e8ve doit respecter les normes \u00e9l\u00e9mentaires d\u2019hygi\u00e8ne.<\/p>\n<p>\n\n\n\n<\/p>\n<p>Sont particuli\u00e8rement vis\u00e9s&nbsp;: cracher, de se restaurer ou de jeter des d\u00e9tritus, l\u2019hygi\u00e8ne corporelle et la n\u00e9cessit\u00e9 de signaler \u00e0 l\u2019\u00e9tablissement tout risque de contagion en cas de maladie.<\/p>\n<p>\n\n\n\n<\/p>\n<h4 class=\"wp-block-heading\"><strong><u>Article 2\u00a0: Consignes de s\u00e9curit\u00e9<\/u><\/strong><\/h4>\n<p>\n\n\n\n<\/p>\n<p>En cas d\u2019incendie&nbsp;l\u2019\u00e9l\u00e8ve doit se r\u00e9f\u00e9rer aux consignes affich\u00e9es. Tous les \u00e9l\u00e8ves sont tenus d\u2019en prendre connaissance et de participer aux exercices d\u2019\u00e9vacuation lorsqu\u2019ils sont organis\u00e9s.<\/p>\n<p>\n\n\n\n<\/p>\n<p>D\u2019une mani\u00e8re g\u00e9n\u00e9rale, en cas d\u2019incendie ou d\u2019ordre d\u2019\u00e9vacuation des locaux, chacun se conformera aux directives qui seront donn\u00e9es par le responsable d\u00e9sign\u00e9.<\/p>\n<p>\n\n\n\n<\/p>\n<p>Il est interdit d\u2019introduire, de distribuer ou de consommer des stup\u00e9fiants ou de l\u2019alcool sur les lieux de formation et \u00e0 bord des v\u00e9hicules destin\u00e9s \u00e0 l\u2019enseignement.<\/p>\n<p>\n\n\n\n<\/p>\n<p>Il est \u00e9galement interdit de p\u00e9n\u00e9trer ou demeurer sur les lieux de formation et \u00e0 bord des v\u00e9hicules destin\u00e9s \u00e0 l\u2019enseignement sous l\u2019emprise de stup\u00e9fiants ou d\u2019alcool.<\/p>\n<p>\n\n\n\n<\/p>\n<p>Il est \u00e9galement interdit de fumer, vapoter sur les lieux de formation et \u00e0 bord des v\u00e9hicules destin\u00e9s \u00e0 l\u2019enseignement.<\/p>\n<p>\n\n\n\n<\/p>\n<h4 class=\"wp-block-heading\"><strong><u>Article 3\u00a0: Acc\u00e8s aux locaux<\/u><\/strong><\/h4>\n<p>\n\n\n\n<\/p>\n<p>Horaires et jours d\u2019ouverture ordinaires de l\u2019\u00e9tablissement *&nbsp;:<\/p>\n<p>\n\n\n\n<\/p>\n<figure class=\"wp-block-table\">\n<table>\n<tbody>\n<tr>\n<td>LUNDI<\/td>\n<td>MARDI<\/td>\n<td>MERCREDI<\/td>\n<td>JEUDI<\/td>\n<td>VENDREDI<\/td>\n<td>SAMEDI<\/td>\n<\/tr>\n<tr>\n<td colspan=\"6\">Horaires<\/td>\n<\/tr>\n<tr>\n<td>15h-19h<\/td>\n<td>15h-19h<\/td>\n<td>10h-12h 14h-19h<\/td>\n<td>15h-19h<\/td>\n<td>15h19h<\/td>\n<td>9h-12h<\/td>\n<\/tr>\n<\/tbody>\n<\/table>\n<\/figure>\n<p>\n\n\n\n<\/p>\n<p>* En cas de modifications&nbsp;: affichage des horaires exceptionnels dans l\u2019\u00e9tablissement ou sur tout autre support accessible.<\/p>\n<p>\n\n\n\n<\/p>\n<p>Conditions d\u2019acc\u00e8s&nbsp;:<\/p>\n<p>\n\n\n\n<\/p>\n<figure class=\"wp-block-table\">\n<table>\n<tbody>\n<tr>\n<td>Salle de code&nbsp;:<\/td>\n<td>Entr\u00e9e libre pendant les heures d\u2019ouverture<\/td>\n<\/tr>\n<tr>\n<td>Salle de formation&nbsp;:<\/td>\n<td>Sur RDV<\/td>\n<\/tr>\n<\/tbody>\n<\/table>\n<\/figure>\n<p>\n\n\n\n<\/p>\n<h4 class=\"wp-block-heading\"><strong><u>Article 4\u00a0: Organisation des cours th\u00e9oriques et pratiques<\/u><\/strong><\/h4>\n<p>\n\n\n\n<\/p>\n<p><strong><u>Entra\u00eenements au code<\/u><\/strong><strong>&nbsp;:<\/strong><\/p>\n<p>\n\n\n\n<\/p>\n<figure class=\"wp-block-table\">\n<table>\n<tbody>\n<tr>\n<td><\/td>\n<td>LUNDI<\/td>\n<td>MARDI<\/td>\n<td>MERCREDI<\/td>\n<td>JEUDI<\/td>\n<td>VENDREDI<\/td>\n<td>SAMEDI<\/td>\n<\/tr>\n<tr>\n<td>Tests d\u2019entra\u00eenement au code<\/td>\n<td>15h \u2013 16h 18h \u2013 19h<\/td>\n<td>15h-19h<\/td>\n<td>15h-17h 18h-19h<\/td>\n<td>15h-19h<\/td>\n<td>15h-17h 18h19h<\/td>\n<td>10h-12h<\/td>\n<\/tr>\n<\/tbody>\n<\/table>\n<\/figure>\n<p>\n\n\n\n<\/p>\n<p>L\u2019acc\u00e8s \u00e0 tout dispositif d\u2019entra\u00eenement au code ainsi que son utilisation (tests, tout dispositif d\u2019entra\u00eenement au code pr\u00e9sent dans l\u2019\u00e9tablissement ou accessible \u00e0 distance ainsi que les supports de recueil des r\u00e9ponses) est r\u00e9git par les conditions particuli\u00e8res d\u2019acc\u00e8s d\u00e9finies dans le contrat de formation ou \u00e0 l\u2019initiative du personnel de l\u2019\u00e9tablissement.<\/p>\n<p>\n\n\n\n<\/p>\n<p><strong><u>Cours th\u00e9oriques<\/u><\/strong>&nbsp;:<\/p>\n<p>\n\n\n\n<\/p>\n<p>Les cours seront dispens\u00e9s, dans les locaux de l\u2019\u00e9cole de conduite, par un enseignant de la conduite et de la s\u00e9curit\u00e9 routi\u00e8re titulaire d\u2019une autorisation d\u2019enseigner en cours de validit\u00e9.<\/p>\n<p>\n\n\n\n<\/p>\n<figure class=\"wp-block-table\">\n<table>\n<tbody>\n<tr>\n<td><\/td>\n<td>LUNDI<\/td>\n<td>MARDI<\/td>\n<td>MERCREDI<\/td>\n<td>JEUDI<\/td>\n<td>VENDREDI<\/td>\n<td>SAMEDI<\/td>\n<\/tr>\n<tr>\n<td>Horaires des cours de code<\/td>\n<td>16h-17h<\/td>\n<td><\/td>\n<td>14h-15h 17h-18h<\/td>\n<td><\/td>\n<td>17h-18h<\/td>\n<td>9h-10h<\/td>\n<\/tr>\n<\/tbody>\n<\/table>\n<\/figure>\n<p>\n\n\n\n<\/p>\n<p><strong><u>Les th\u00e9matiques trait\u00e9es sont les&nbsp;:<\/u><\/strong><\/p>\n<p>\n\n\n\n<\/p>\n<p>\u2013 les effets dus \u00e0 la consommation d\u2019alcool, de drogues et de m\u00e9dicaments sur la conduite&nbsp;;&nbsp;<\/p>\n<p>\n\n\n\n<\/p>\n<p>\u2013 l\u2019influence de la fatigue sur la conduite&nbsp;;<\/p>\n<p>\n\n\n\n<\/p>\n<p>\u2013 les usagers vuln\u00e9rables&nbsp;;<\/p>\n<p>\n\n\n\n<\/p>\n<p>\u2013 Alcool et stup\u00e9fiants, vitesse, d\u00e9faut de port de la ceinture de s\u00e9curit\u00e9 \u2026<\/p>\n<p>\n\n\n\n<\/p>\n<p><strong><u>Modalit\u00e9s sp\u00e9cifiques \u00e0 l\u2019enseignement aux formations 2 roues&nbsp;:<\/u><\/strong><\/p>\n<p>\n\n\n\n<\/p>\n<p>\u2013 l\u2019\u00e9quipement du motard&nbsp;;<\/p>\n<p>\n\n\n\n<\/p>\n<p>\u2013 comment choisir sa moto&nbsp;;<\/p>\n<p>\n\n\n\n<\/p>\n<p>\u2013 les risques li\u00e9s \u00e0 la conduite des motocyclettes&nbsp;;<\/p>\n<p>\n\n\n\n<\/p>\n<p>\u2013 la pression des pairs.<\/p>\n<p>\n\n\n\n<\/p>\n<p><strong><u>Cours pratiques<\/u><\/strong><strong>&nbsp;:<\/strong><\/p>\n<p>\n\n\n\n<\/p>\n<p>Le contrat de formation est conclu apr\u00e8s une \u00e9valuation de d\u00e9part&nbsp;dont les modalit\u00e9s de r\u00e9alisation sont disponibles dans les locaux de l\u2019\u00e9tablissement.<\/p>\n<p>\n\n\n\n<\/p>\n<p>Chaque \u00e9l\u00e8ve se voit attribuer un livret d\u2019apprentissage qu\u2019il devra renseigner au fur et \u00e0 mesure de sa progression avec l\u2019assistance du formateur.<\/p>\n<p>\n\n\n\n<\/p>\n<p><strong>&nbsp;<\/strong><strong><u>Modalit\u00e9s de r\u00e9servation et d\u2019annulation des le\u00e7ons de conduite du fait de l\u2019\u00e9l\u00e8ve<\/u><\/strong><strong>&nbsp;:<\/strong><\/p>\n<p>\n\n\n\n<\/p>\n<p>La r\u00e9servation des le\u00e7ons de conduite se fait aupr\u00e8s du secr\u00e9tariat dans les horaires affich\u00e9s dans l\u2019\u00e9tablissement.<\/p>\n<p>\n\n\n\n<\/p>\n<p>Pour d\u00e9command\u00e9e une le\u00e7on de conduite, il faut vous rapprocher du secr\u00e9tariat dans les horaires affich\u00e9s dans l\u2019\u00e9tablissement, sous un d\u00e9lai de maximum de 48 heures ouvrables avant la le\u00e7on. Si ce d\u00e9lai n\u2019est pas respect\u00e9, l\u2019heure de conduite sera factur\u00e9e.<\/p>\n<p>\n\n\n\n<\/p>\n<p><strong><u>Modalit\u00e9s d\u2019annulation des le\u00e7ons de conduite du fait de l\u2019\u00e9tablissement<\/u><\/strong><strong>&nbsp;:*<\/strong><\/p>\n<p>\n\n\n\n<\/p>\n<p>Les le\u00e7ons de conduite sont d\u2019une dur\u00e9e maximale de 2 h, elles peuvent se d\u00e9rouler de mani\u00e8re individuelle ou en s\u00e9ance collective.<\/p>\n<p>\n\n\n\n<\/p>\n<p>L\u2019interruption entre deux le\u00e7ons cons\u00e9cutives doit \u00eatre au minimum \u00e9quivalente \u00e0 la dur\u00e9e de la le\u00e7on pr\u00e9c\u00e9dente.<\/p>\n<p>\n\n\n\n<\/p>\n<p>En cas de retard de l\u2019\u00e9l\u00e8ve, prendre contact aupr\u00e8s du secr\u00e9tariat dans les horaires affich\u00e9s dans l\u2019\u00e9tablissement ou aupr\u00e8s du formateur par t\u00e9l\u00e9phone ou sms.<\/p>\n<p>\n\n\n\n<\/p>\n<h4 class=\"wp-block-heading\"><strong><u>Article 5\u00a0: Tenue vestimentaire exig\u00e9e pour les cours pratiques<\/u><\/strong><\/h4>\n<p>\n\n\n\n<\/p>\n<p>Pour la formation \u00e0 la cat\u00e9gorie B&nbsp;: chaussures adapt\u00e9es (talons haut et tongs interdits), v\u00eatements permettant une aisance de mouvement et ne g\u00eanant pas la prise d\u2019information en conformit\u00e9 avec les prescriptions du code de la route (article R412-6).<\/p>\n<p>\n\n\n\n<\/p>\n<p>Pour les formations deux-roues&nbsp;: obligation de porter un \u00e9quipement obligatoire homologu\u00e9&nbsp; (casque, gants, et chaussures qui couvrent les chevilles), de se v\u00eatir d\u2019un blouson adapt\u00e9 \u00e0 la pratique du 2 roues \u00e0 moteur et d\u2019un pantalon de type \u00ab&nbsp;jean&nbsp;\u00bb au minimum.<\/p>\n<p>\n\n\n\n<\/p>\n<h4 class=\"wp-block-heading\"><strong><u>Article 6\u00a0: Utilisation du mat\u00e9riel p\u00e9dagogique<\/u><\/strong><\/h4>\n<p>\n\n\n\n<\/p>\n<p>L\u2019utilisation du mat\u00e9riel p\u00e9dagogique est exclusivement r\u00e9serv\u00e9e \u00e0 l\u2019activit\u00e9 de formation&nbsp;et uniquement sur les lieux de formation.<\/p>\n<p>\n\n\n\n<\/p>\n<p>L\u2019\u00e9l\u00e8ve s\u2019engage \u00e0 conserver en bon \u00e9tat le mat\u00e9riel qui lui est confi\u00e9 et \u00e0 signaler toute anomalie d\u00e9tect\u00e9e au personnel de l\u2019\u00e9tablissement.<\/p>\n<p>\n\n\n\n<\/p>\n<h4 class=\"wp-block-heading\"><strong><u>Article 7\u00a0: Assiduit\u00e9 des stagiaires<\/u><\/strong><\/h4>\n<p>\n\n\n\n<\/p>\n<p>L\u2019\u00e9l\u00e8ve stagiaire s\u2019engage au respect des horaires de formation fix\u00e9s par l\u2019\u00e9cole de conduite.<\/p>\n<p>\n\n\n\n<\/p>\n<p>En cas d\u2019absences ou de retards, les modalit\u00e9s pr\u00e9cis\u00e9es \u00e0 l\u2019article 4&nbsp;du pr\u00e9sent r\u00e8glement s\u2019appliquent.<\/p>\n<p>\n\n\n\n<\/p>\n<p>Au cas \u00e9ch\u00e9ant l\u2019\u00e9tablissement se r\u00e9serve la possibilit\u00e9 de rendre compte de l\u2019assiduit\u00e9 de l\u2019\u00e9l\u00e8ve stagiaire aux tiers tels que d\u00e9finis dans le contrat de formation.&nbsp;<\/p>\n<p>\n\n\n\n<\/p>\n<h4 class=\"wp-block-heading\"><strong><u>Article 8&nbsp;: Comportement des stagiaires<\/u><\/strong><\/h4>\n<p>\n\n\n\n<\/p>\n<p>Tout comportement visant au non-respect des r\u00e8gles \u00e9l\u00e9mentaires de savoir-vivre, de savoir-\u00eatre en collectivit\u00e9 et au bon d\u00e9roulement des formations est proscrit sur les lieux de formation, \u00e0 bord des v\u00e9hicules destin\u00e9s \u00e0 l\u2019enseignement en le\u00e7on de conduite et lors des examens pratiques.<\/p>\n<p>\n\n\n\n<\/p>\n<p>Sont particuli\u00e8rement vis\u00e9s les comportements \u00e0 caract\u00e8re agressif, violent, homophobe, sexiste, raciste.<\/p>\n<p>\n\n\n\n<\/p>\n<p>Ces r\u00e8gles \u00e9l\u00e9mentaires sont \u00e9galement applicables au personnel enseignant ou administratif, aux autres \u00e9l\u00e8ves ou toute personne pr\u00e9sente sur les lieux de formation, \u00e0 bord des v\u00e9hicules destin\u00e9s \u00e0 l\u2019enseignement en le\u00e7on de conduite et lors des examens pratiques.<\/p>\n<p>\n\n\n\n<\/p>\n<p>Toute tentative de propagande autant religieuse que politique ou syndicale est proscrite sur les lieux de formation, ou \u00e0 bord des v\u00e9hicules destin\u00e9s \u00e0 l\u2019enseignement en le\u00e7on de conduite.<\/p>\n<p>\n\n\n\n<\/p>\n<h4 class=\"wp-block-heading\"><strong><u>Article 9\u00a0: Sanctions disciplinaires<\/u><\/strong><\/h4>\n<p>\n\n\n\n<\/p>\n<p>Les sanctions&nbsp;applicables sont : l\u2019avertissement oral qui pr\u00e9cise les motifs de plainte et avertit des suites possibles en cas de maintien du comportement&nbsp;; l\u2019avertissement \u00e9crit qui pr\u00e9cise les motifs de plainte faisant suite \u00e0 l\u2019avertissement oral et rappelle&nbsp; les suites possibles en cas de maintien du comportement&nbsp;; la suspension provisoire faisant \u00e0 suite l\u2019avertissement \u00e9crit qui pr\u00e9cise la dur\u00e9e de la suspension, les conditions de retour en formation et les suites possibles en cas de maintien du comportement;&nbsp; l\u2019exclusion d\u00e9finitive faisant \u00e0 suite \u00e0 la suspension.<\/p>\n<p>\n\n\n\n<\/p>\n<p>Au cas \u00e9ch\u00e9ant l\u2019\u00e9tablissement se r\u00e9serve la possibilit\u00e9 de rendre compte des sanctions disciplinaires prise \u00e0 l\u2019encontre de l\u2019\u00e9l\u00e8ve stagiaire aux tiers tels que d\u00e9finis dans le contrat de formation.<\/p>\n<p>\n\n\n\n<\/p>\n<p>En cas de contestation des mesures prises par l\u2019\u00e9tablissement, l\u2019\u00e9l\u00e8ve peut saisir le m\u00e9diateur de la consommation dont rel\u00e8ve l\u2019\u00e9tablissement.<\/p>\n<p>\n","protected":false},"excerpt":{"rendered":"<p>Le r\u00e8glement int\u00e9rieur Ce r\u00e8glement est applicable par l\u2019ensemble des \u00e9l\u00e8ves ou stagiaires. Article 1\u00a0: R\u00e8gles d\u2019hygi\u00e8ne et de s\u00e9curit\u00e9 Sur les lieux de formation et \u00e0 bord des v\u00e9hicules destin\u00e9s \u00e0 l\u2019enseignement, l\u2019\u00e9l\u00e8ve doit se conformer aux instructions particuli\u00e8res donn\u00e9es par les formateurs en ce qui concerne les r\u00e8gles de s\u00e9curit\u00e9. Sur les lieux&nbsp;&hellip;<\/p>\n","protected":false},"author":1,"featured_media":1465,"parent":0,"menu_order":0,"comment_status":"closed","ping_status":"closed","template":"pro\/page-templates\/full-width-page.php","meta":{"footnotes":""},"_links":{"self":[{"href":"https:\/\/autoecoleporras.com\/index.php\/wp-json\/wp\/v2\/pages\/906"}],"collection":[{"href":"https:\/\/autoecoleporras.com\/index.php\/wp-json\/wp\/v2\/pages"}],"about":[{"href":"https:\/\/autoecoleporras.com\/index.php\/wp-json\/wp\/v2\/types\/page"}],"author":[{"embeddable":true,"href":"https:\/\/autoecoleporras.com\/index.php\/wp-json\/wp\/v2\/users\/1"}],"replies":[{"embeddable":true,"href":"https:\/\/autoecoleporras.com\/index.php\/wp-json\/wp\/v2\/comments?post=906"}],"version-history":[{"count":3,"href":"https:\/\/autoecoleporras.com\/index.php\/wp-json\/wp\/v2\/pages\/906\/revisions"}],"predecessor-version":[{"id":1170,"href":"https:\/\/autoecoleporras.com\/index.php\/wp-json\/wp\/v2\/pages\/906\/revisions\/1170"}],"wp:featuredmedia":[{"embeddable":true,"href":"https:\/\/autoecoleporras.com\/index.php\/wp-json\/wp\/v2\/media\/1465"}],"wp:attachment":[{"href":"https:\/\/autoecoleporras.com\/index.php\/wp-json\/wp\/v2\/media?parent=906"}],"curies":[{"name":"wp","href":"https:\/\/api.w.org\/{rel}","templated":true}]}}