{"id":908,"date":"2023-10-16T16:32:51","date_gmt":"2023-10-16T14:32:51","guid":{"rendered":"https:\/\/autoecoleporras.com\/?page_id=908"},"modified":"2023-11-17T12:07:14","modified_gmt":"2023-11-17T11:07:14","slug":"lieu-et-conditions-dusages-de-la-piste-moto","status":"publish","type":"page","link":"https:\/\/autoecoleporras.com\/index.php\/lieu-et-conditions-dusages-de-la-piste-moto\/","title":{"rendered":"Lieu et conditions d&rsquo;usages de la piste moto"},"content":{"rendered":"\t\t<div data-elementor-type=\"wp-page\" data-elementor-id=\"908\" class=\"elementor elementor-908\">\n\t\t\t\t\t\t\t<div class=\"elementor-element elementor-element-326f70e5 e-flex e-con-boxed e-con e-parent\" data-id=\"326f70e5\" data-element_type=\"container\" data-settings=\"{&quot;content_width&quot;:&quot;boxed&quot;}\" data-core-v316-plus=\"true\">\n\t\t\t\t\t<div class=\"e-con-inner\">\n\t\t\t\t<div class=\"elementor-element elementor-element-0ac100f elementor-widget elementor-widget-heading\" data-id=\"0ac100f\" data-element_type=\"widget\" data-widget_type=\"heading.default\">\n\t\t\t\t<div class=\"elementor-widget-container\">\n\t\t\t<style>\/*! elementor - v3.16.0 - 20-09-2023 *\/\n.elementor-heading-title{padding:0;margin:0;line-height:1}.elementor-widget-heading .elementor-heading-title[class*=elementor-size-]>a{color:inherit;font-size:inherit;line-height:inherit}.elementor-widget-heading .elementor-heading-title.elementor-size-small{font-size:15px}.elementor-widget-heading .elementor-heading-title.elementor-size-medium{font-size:19px}.elementor-widget-heading .elementor-heading-title.elementor-size-large{font-size:29px}.elementor-widget-heading .elementor-heading-title.elementor-size-xl{font-size:39px}.elementor-widget-heading .elementor-heading-title.elementor-size-xxl{font-size:59px}<\/style><h4 class=\"elementor-heading-title elementor-size-default\">Plan de la piste<\/h4>\t\t<\/div>\n\t\t\t\t<\/div>\n\t\t\t\t<div class=\"elementor-element elementor-element-5c584f2 animated-slow elementor-invisible elementor-widget elementor-widget-image\" data-id=\"5c584f2\" data-element_type=\"widget\" data-settings=\"{&quot;_animation&quot;:&quot;fadeIn&quot;}\" data-widget_type=\"image.default\">\n\t\t\t\t<div class=\"elementor-widget-container\">\n\t\t\t<style>\/*! elementor - v3.16.0 - 20-09-2023 *\/\n.elementor-widget-image{text-align:center}.elementor-widget-image a{display:inline-block}.elementor-widget-image a img[src$=\".svg\"]{width:48px}.elementor-widget-image img{vertical-align:middle;display:inline-block}<\/style>\t\t\t\t\t\t\t\t\t\t\t\t<img decoding=\"async\" loading=\"lazy\" width=\"1024\" height=\"485\" src=\"https:\/\/autoecoleporras.com\/wp-content\/uploads\/2023\/10\/plan_piste_porras-1024x485.jpg\" class=\"attachment-large size-large wp-image-951\" alt=\"Plan piste moto auto ecole porras\" srcset=\"https:\/\/autoecoleporras.com\/wp-content\/uploads\/2023\/10\/plan_piste_porras-1024x485.jpg 1024w, https:\/\/autoecoleporras.com\/wp-content\/uploads\/2023\/10\/plan_piste_porras-300x142.jpg 300w, https:\/\/autoecoleporras.com\/wp-content\/uploads\/2023\/10\/plan_piste_porras-768x364.jpg 768w, https:\/\/autoecoleporras.com\/wp-content\/uploads\/2023\/10\/plan_piste_porras-500x237.jpg 500w, https:\/\/autoecoleporras.com\/wp-content\/uploads\/2023\/10\/plan_piste_porras-800x379.jpg 800w, https:\/\/autoecoleporras.com\/wp-content\/uploads\/2023\/10\/plan_piste_porras.jpg 1053w\" sizes=\"(max-width: 1024px) 100vw, 1024px\" \/>\t\t\t\t\t\t\t\t\t\t\t\t\t\t\t<\/div>\n\t\t\t\t<\/div>\n\t\t\t\t<div class=\"elementor-element elementor-element-2eafd8ce elementor-widget elementor-widget-text-editor\" data-id=\"2eafd8ce\" data-element_type=\"widget\" data-widget_type=\"text-editor.default\">\n\t\t\t\t<div class=\"elementor-widget-container\">\n\t\t\t<style>\/*! elementor - v3.16.0 - 20-09-2023 *\/\n.elementor-widget-text-editor.elementor-drop-cap-view-stacked .elementor-drop-cap{background-color:#69727d;color:#fff}.elementor-widget-text-editor.elementor-drop-cap-view-framed .elementor-drop-cap{color:#69727d;border:3px solid;background-color:transparent}.elementor-widget-text-editor:not(.elementor-drop-cap-view-default) .elementor-drop-cap{margin-top:8px}.elementor-widget-text-editor:not(.elementor-drop-cap-view-default) .elementor-drop-cap-letter{width:1em;height:1em}.elementor-widget-text-editor .elementor-drop-cap{float:left;text-align:center;line-height:1;font-size:50px}.elementor-widget-text-editor .elementor-drop-cap-letter{display:inline-block}<\/style>\t\t\t\t<p><!-- wp:heading --><\/p>\n<h2 class=\"wp-block-heading\"><strong>Lieu et conditions d&rsquo;usages de la piste moto<\/strong><\/h2>\n<p><!-- \/wp:heading --><\/p>\n<p><!-- wp:paragraph --><\/p>\n<p><strong>ACCES PISTE FORMATIONS DEUX ROUES<\/strong><\/p>\n<p><!-- \/wp:paragraph --><\/p>\n<p><!-- wp:paragraph --><\/p>\n<p><strong>Formation A2 \u2013 A &#8211; A1<\/strong><\/p>\n<p><!-- \/wp:paragraph --><\/p>\n<p><!-- wp:paragraph --><\/p>\n<p>La piste se situe \u2013 <strong>Parking du C\u00e9sar Palace <\/strong><strong>RN6, 38540 Grenay<\/strong><\/p>\n<p><!-- \/wp:paragraph --><\/p>\n<p><!-- wp:paragraph --><\/p>\n<p>Le temps de d\u00e9placement est de 22 minutes entre le bureau de Corbas et la piste.<\/p>\n<p><!-- \/wp:paragraph --><\/p>\n<p><!-- wp:paragraph --><\/p>\n<p>La client\u00e8le a choisi de venir directement sur la piste, sur le lieu de la formation. Les motos sont d\u00e9j\u00e0 sur place.<\/p>\n<p><!-- \/wp:paragraph --><\/p>\n<p><!-- wp:paragraph --><\/p>\n<p>A obtention du code, le moniteur moto g\u00e8re son planning avec les \u00e9l\u00e8ves jusqu\u2019\u00e0 obtention du permis de conduire.<\/p>\n<p><!-- \/wp:paragraph --><\/p>\n<p><!-- wp:image {\"align\":\"center\",\"id\":910,\"sizeSlug\":\"full\",\"linkDestination\":\"none\"} --><\/p>\n<figure class=\"wp-block-image aligncenter size-full\"><\/figure>\n<p><!-- \/wp:image --><\/p>\t\t\t\t\t\t<\/div>\n\t\t\t\t<\/div>\n\t\t\t\t<div class=\"elementor-element elementor-element-b3341cf elementor-invisible elementor-widget elementor-widget-image\" data-id=\"b3341cf\" data-element_type=\"widget\" data-settings=\"{&quot;_animation&quot;:&quot;fadeIn&quot;}\" data-widget_type=\"image.default\">\n\t\t\t\t<div class=\"elementor-widget-container\">\n\t\t\t\t\t\t\t\t\t\t\t\t\t\t\t<img decoding=\"async\" loading=\"lazy\" width=\"615\" height=\"349\" src=\"https:\/\/autoecoleporras.com\/wp-content\/uploads\/2023\/10\/porras_piste_moto_1.jpg\" class=\"attachment-large size-large wp-image-909\" alt=\"\" srcset=\"https:\/\/autoecoleporras.com\/wp-content\/uploads\/2023\/10\/porras_piste_moto_1.jpg 615w, https:\/\/autoecoleporras.com\/wp-content\/uploads\/2023\/10\/porras_piste_moto_1-300x170.jpg 300w, https:\/\/autoecoleporras.com\/wp-content\/uploads\/2023\/10\/porras_piste_moto_1-500x284.jpg 500w\" sizes=\"(max-width: 615px) 100vw, 615px\" \/>\t\t\t\t\t\t\t\t\t\t\t\t\t\t\t<\/div>\n\t\t\t\t<\/div>\n\t\t\t\t\t<\/div>\n\t\t\t\t<\/div>\n\t\t<div class=\"elementor-element elementor-element-134e0bc e-flex e-con-boxed e-con e-parent\" data-id=\"134e0bc\" data-element_type=\"container\" data-settings=\"{&quot;content_width&quot;:&quot;boxed&quot;}\" data-core-v316-plus=\"true\">\n\t\t\t\t\t<div class=\"e-con-inner\">\n\t\t\t\t<div class=\"elementor-element elementor-element-59d98e8 elementor-widget elementor-widget-heading\" data-id=\"59d98e8\" data-element_type=\"widget\" data-widget_type=\"heading.default\">\n\t\t\t\t<div class=\"elementor-widget-container\">\n\t\t\t<p class=\"elementor-heading-title elementor-size-default\"><p style=\"color: rgb(122, 122, 122); font-weight: 400; white-space-collapse: collapse;\"><strong>Formation AM<\/strong><\/p><p style=\"color: rgb(122, 122, 122); font-weight: 400; white-space-collapse: collapse;\"><\/p><p style=\"color: rgb(122, 122, 122); font-weight: 400; white-space-collapse: collapse;\"><\/p><p style=\"color: rgb(122, 122, 122); font-weight: 400; white-space-collapse: collapse;\">La formation th\u00e9orique se d\u00e9roule dans notre agence de Communay.<\/p><p style=\"color: rgb(122, 122, 122); font-weight: 400; white-space-collapse: collapse;\"><\/p><p style=\"color: rgb(122, 122, 122); font-weight: 400; white-space-collapse: collapse;\"><\/p><p style=\"color: rgb(122, 122, 122); font-weight: 400; white-space-collapse: collapse;\">Le moniteur emm\u00e8ne les \u00e9l\u00e8ves sur le d\u00e9p\u00f4t o\u00f9 se trouve les scooters \u00e0 5min de l\u2019agence.<\/p><p style=\"color: rgb(122, 122, 122); font-weight: 400; white-space-collapse: collapse;\"><\/p><p style=\"color: rgb(122, 122, 122); font-weight: 400; white-space-collapse: collapse;\"><\/p><p style=\"margin-bottom: 16px; color: rgb(122, 122, 122); font-weight: 400; white-space-collapse: collapse;\">La piste se trouve \u00e0 1 km du d\u00e9p\u00f4t sur l\u2019ancienne RN7 &nbsp;Route de Notre Dame de Limon \u00e0 Simandres<\/p><\/p>\t\t<\/div>\n\t\t\t\t<\/div>\n\t\t\t\t\t<\/div>\n\t\t\t\t<\/div>\n\t\t\t\t\t\t\t<\/div>\n\t\t","protected":false},"excerpt":{"rendered":"<p>Plan de la piste Lieu et conditions d&rsquo;usages de la piste moto ACCES PISTE FORMATIONS DEUX ROUES Formation A2 \u2013 A &#8211; A1 La piste se situe \u2013 Parking du C\u00e9sar Palace RN6, 38540 Grenay Le temps de d\u00e9placement est de 22 minutes entre le bureau de Corbas et la piste. La client\u00e8le a choisi&nbsp;&hellip;<\/p>\n","protected":false},"author":1,"featured_media":1465,"parent":0,"menu_order":0,"comment_status":"closed","ping_status":"closed","template":"","meta":{"footnotes":""},"_links":{"self":[{"href":"https:\/\/autoecoleporras.com\/index.php\/wp-json\/wp\/v2\/pages\/908"}],"collection":[{"href":"https:\/\/autoecoleporras.com\/index.php\/wp-json\/wp\/v2\/pages"}],"about":[{"href":"https:\/\/autoecoleporras.com\/index.php\/wp-json\/wp\/v2\/types\/page"}],"author":[{"embeddable":true,"href":"https:\/\/autoecoleporras.com\/index.php\/wp-json\/wp\/v2\/users\/1"}],"replies":[{"embeddable":true,"href":"https:\/\/autoecoleporras.com\/index.php\/wp-json\/wp\/v2\/comments?post=908"}],"version-history":[{"count":9,"href":"https:\/\/autoecoleporras.com\/index.php\/wp-json\/wp\/v2\/pages\/908\/revisions"}],"predecessor-version":[{"id":1466,"href":"https:\/\/autoecoleporras.com\/index.php\/wp-json\/wp\/v2\/pages\/908\/revisions\/1466"}],"wp:featuredmedia":[{"embeddable":true,"href":"https:\/\/autoecoleporras.com\/index.php\/wp-json\/wp\/v2\/media\/1465"}],"wp:attachment":[{"href":"https:\/\/autoecoleporras.com\/index.php\/wp-json\/wp\/v2\/media?parent=908"}],"curies":[{"name":"wp","href":"https:\/\/api.w.org\/{rel}","templated":true}]}}