{"id":912,"date":"2023-10-16T16:35:46","date_gmt":"2023-10-16T14:35:46","guid":{"rendered":"https:\/\/autoecoleporras.com\/?page_id=912"},"modified":"2023-11-17T12:07:57","modified_gmt":"2023-11-17T11:07:57","slug":"linteret-de-faire-une-formation-post-permis-pour-les-conducteurs-novices","status":"publish","type":"page","link":"https:\/\/autoecoleporras.com\/index.php\/linteret-de-faire-une-formation-post-permis-pour-les-conducteurs-novices\/","title":{"rendered":"L&rsquo;int\u00e9r\u00eat de faire une formation post-permis pour les conducteurs novices"},"content":{"rendered":"\t\t<div data-elementor-type=\"wp-page\" data-elementor-id=\"912\" class=\"elementor elementor-912\">\n\t\t\t\t\t\t\t<div class=\"elementor-element elementor-element-9724528 e-flex e-con-boxed e-con e-parent\" data-id=\"9724528\" data-element_type=\"container\" data-settings=\"{&quot;content_width&quot;:&quot;boxed&quot;}\" data-core-v316-plus=\"true\">\n\t\t\t\t\t<div class=\"e-con-inner\">\n\t\t\t\t<div class=\"elementor-element elementor-element-ee5f450 elementor-widget elementor-widget-heading\" data-id=\"ee5f450\" data-element_type=\"widget\" data-widget_type=\"heading.default\">\n\t\t\t\t<div class=\"elementor-widget-container\">\n\t\t\t<style>\/*! elementor - v3.16.0 - 20-09-2023 *\/\n.elementor-heading-title{padding:0;margin:0;line-height:1}.elementor-widget-heading .elementor-heading-title[class*=elementor-size-]>a{color:inherit;font-size:inherit;line-height:inherit}.elementor-widget-heading .elementor-heading-title.elementor-size-small{font-size:15px}.elementor-widget-heading .elementor-heading-title.elementor-size-medium{font-size:19px}.elementor-widget-heading .elementor-heading-title.elementor-size-large{font-size:29px}.elementor-widget-heading .elementor-heading-title.elementor-size-xl{font-size:39px}.elementor-widget-heading .elementor-heading-title.elementor-size-xxl{font-size:59px}<\/style><h2 class=\"elementor-heading-title elementor-size-default\"><h4 style=\"margin-bottom: 40px; letter-spacing: normal; white-space-collapse: collapse;\"><strong>L'int\u00e9r\u00eat de faire une formation post-permis pour les conducteurs novices<\/strong><\/h4><\/h2>\t\t<\/div>\n\t\t\t\t<\/div>\n\t\t\t\t\t<\/div>\n\t\t\t\t<\/div>\n\t\t<div class=\"elementor-element elementor-element-6f5878f e-flex e-con-boxed e-con e-parent\" data-id=\"6f5878f\" data-element_type=\"container\" data-settings=\"{&quot;content_width&quot;:&quot;boxed&quot;}\" data-core-v316-plus=\"true\">\n\t\t\t\t\t<div class=\"e-con-inner\">\n\t\t\t\t<div class=\"elementor-element elementor-element-6981584 elementor-widget elementor-widget-image\" data-id=\"6981584\" data-element_type=\"widget\" data-widget_type=\"image.default\">\n\t\t\t\t<div class=\"elementor-widget-container\">\n\t\t\t<style>\/*! elementor - v3.16.0 - 20-09-2023 *\/\n.elementor-widget-image{text-align:center}.elementor-widget-image a{display:inline-block}.elementor-widget-image a img[src$=\".svg\"]{width:48px}.elementor-widget-image img{vertical-align:middle;display:inline-block}<\/style>\t\t\t\t\t\t\t\t\t\t\t\t<img decoding=\"async\" loading=\"lazy\" width=\"700\" height=\"213\" src=\"https:\/\/autoecoleporras.com\/wp-content\/uploads\/2023\/11\/post-permis_image.png\" class=\"attachment-large size-large wp-image-1177\" alt=\"\" srcset=\"https:\/\/autoecoleporras.com\/wp-content\/uploads\/2023\/11\/post-permis_image.png 700w, https:\/\/autoecoleporras.com\/wp-content\/uploads\/2023\/11\/post-permis_image-300x91.png 300w, https:\/\/autoecoleporras.com\/wp-content\/uploads\/2023\/11\/post-permis_image-500x152.png 500w\" sizes=\"(max-width: 700px) 100vw, 700px\" \/>\t\t\t\t\t\t\t\t\t\t\t\t\t\t\t<\/div>\n\t\t\t\t<\/div>\n\t\t\t\t\t<\/div>\n\t\t\t\t<\/div>\n\t\t<div class=\"elementor-element elementor-element-5eb234b3 e-flex e-con-boxed e-con e-parent\" data-id=\"5eb234b3\" data-element_type=\"container\" data-settings=\"{&quot;content_width&quot;:&quot;boxed&quot;}\" data-core-v316-plus=\"true\">\n\t\t\t\t\t<div class=\"e-con-inner\">\n\t\t\t\t<div class=\"elementor-element elementor-element-64a67490 elementor-widget elementor-widget-text-editor\" data-id=\"64a67490\" data-element_type=\"widget\" data-widget_type=\"text-editor.default\">\n\t\t\t\t<div class=\"elementor-widget-container\">\n\t\t\t<style>\/*! elementor - v3.16.0 - 20-09-2023 *\/\n.elementor-widget-text-editor.elementor-drop-cap-view-stacked .elementor-drop-cap{background-color:#69727d;color:#fff}.elementor-widget-text-editor.elementor-drop-cap-view-framed .elementor-drop-cap{color:#69727d;border:3px solid;background-color:transparent}.elementor-widget-text-editor:not(.elementor-drop-cap-view-default) .elementor-drop-cap{margin-top:8px}.elementor-widget-text-editor:not(.elementor-drop-cap-view-default) .elementor-drop-cap-letter{width:1em;height:1em}.elementor-widget-text-editor .elementor-drop-cap{float:left;text-align:center;line-height:1;font-size:50px}.elementor-widget-text-editor .elementor-drop-cap-letter{display:inline-block}<\/style>\t\t\t\t<p><!-- wp:heading {\"level\":4} --><\/p>\n<h4 class=\"wp-block-heading\"><strong style=\"color: var( --e-global-color-text ); font-family: var( --e-global-typography-text-font-family ), Sans-serif; text-align: var(--text-align); font-size: 16px;\">Le rendez-vous post-permis pour les conducteurs novices<\/strong><\/h4>\n<p><!-- \/wp:paragraph --><\/p>\n<p><!-- wp:paragraph --><\/p>\n<p>Une formation compl\u00e9mentaire des conducteurs novices est pr\u00e9vue \u00e0 l\u2019article L.223-1 du code de la route, destin\u00e9e \u00e0 renforc\u00e9e les comp\u00e9tences acquises par ces conducteurs.<\/p>\n<p><!-- \/wp:paragraph --><\/p>\n<p><!-- wp:paragraph --><\/p>\n<p>Elle repose sur une d\u00e9marche volontaire et entraine une r\u00e9duction de la p\u00e9riode probatoire pour les conducteurs qui n\u2019ont pas commis, durant cette p\u00e9riode, d\u2019infraction ayant donn\u00e9 lieu :<\/p>\n<p><!-- \/wp:paragraph --><\/p>\n<p><!-- wp:paragraph --><\/p>\n<ul>\n<li>\u00e0 retrait de points<\/li>\n<li>ou ayant entrain\u00e9 une mesure de restriction ou de suspension du permis de conduire.<\/li>\n<\/ul>\n<p><!-- \/wp:paragraph --><\/p>\n<p><!-- wp:paragraph --><\/p>\n<p>Cette formation d\u2019une journ\u00e9e (7h), si elle est suivie entre six et douze mois apr\u00e8s l\u2019obtention du permis, a pour objectif d\u2019engager une prise de conscience sur le risque afin d&rsquo;\u00e9viter un sentiment de surconfiance au moment o\u00f9 le jeune conducteur a acquis davantage d&rsquo;assurance au volant.<\/p>\n<p><!-- \/wp:paragraph --><\/p>\n<p><!-- wp:paragraph --><\/p>\n<p>Pr\u00e8s d\u2019un quart des accidents impliquent un conducteur novice, ayant moins de 2 deux ans de permis.<\/p>\n<p><!-- \/wp:paragraph --><\/p>\n<p><!-- wp:paragraph --><\/p>\n<p>\u00a0<\/p>\n<p><!-- \/wp:paragraph --><\/p>\t\t\t\t\t\t<\/div>\n\t\t\t\t<\/div>\n\t\t\t\t\t<\/div>\n\t\t\t\t<\/div>\n\t\t<div class=\"elementor-element elementor-element-cc9ad63 e-flex e-con-boxed e-con e-parent\" data-id=\"cc9ad63\" data-element_type=\"container\" data-settings=\"{&quot;content_width&quot;:&quot;boxed&quot;}\" data-core-v316-plus=\"true\">\n\t\t\t\t\t<div class=\"e-con-inner\">\n\t\t\t\t<div class=\"elementor-element elementor-element-76d09b0 elementor-invisible elementor-widget elementor-widget-image\" data-id=\"76d09b0\" data-element_type=\"widget\" data-settings=\"{&quot;_animation&quot;:&quot;fadeIn&quot;}\" data-widget_type=\"image.default\">\n\t\t\t\t<div class=\"elementor-widget-container\">\n\t\t\t\t\t\t\t\t\t\t\t\t\t\t\t<img decoding=\"async\" loading=\"lazy\" width=\"1024\" height=\"724\" src=\"https:\/\/autoecoleporras.com\/wp-content\/uploads\/2023\/11\/formation_post_permis_ecole-1024x724.png\" class=\"attachment-large size-large wp-image-1178\" alt=\"\" srcset=\"https:\/\/autoecoleporras.com\/wp-content\/uploads\/2023\/11\/formation_post_permis_ecole-1024x724.png 1024w, https:\/\/autoecoleporras.com\/wp-content\/uploads\/2023\/11\/formation_post_permis_ecole-300x212.png 300w, https:\/\/autoecoleporras.com\/wp-content\/uploads\/2023\/11\/formation_post_permis_ecole-768x543.png 768w, https:\/\/autoecoleporras.com\/wp-content\/uploads\/2023\/11\/formation_post_permis_ecole-500x354.png 500w, https:\/\/autoecoleporras.com\/wp-content\/uploads\/2023\/11\/formation_post_permis_ecole-800x566.png 800w, https:\/\/autoecoleporras.com\/wp-content\/uploads\/2023\/11\/formation_post_permis_ecole.png 1032w\" sizes=\"(max-width: 1024px) 100vw, 1024px\" \/>\t\t\t\t\t\t\t\t\t\t\t\t\t\t\t<\/div>\n\t\t\t\t<\/div>\n\t\t\t\t\t<\/div>\n\t\t\t\t<\/div>\n\t\t<div class=\"elementor-element elementor-element-82639df e-flex e-con-boxed e-con e-parent\" data-id=\"82639df\" data-element_type=\"container\" data-settings=\"{&quot;content_width&quot;:&quot;boxed&quot;}\" data-core-v316-plus=\"true\">\n\t\t\t\t\t<div class=\"e-con-inner\">\n\t\t\t\t<div class=\"elementor-element elementor-element-48b7b81 elementor-widget elementor-widget-text-editor\" data-id=\"48b7b81\" data-element_type=\"widget\" data-widget_type=\"text-editor.default\">\n\t\t\t\t<div class=\"elementor-widget-container\">\n\t\t\t\t\t\t\t<p><strong>\u00a0<u>R\u00e9duction de la p\u00e9riode probatoire<\/u><\/strong><\/p>\n<p>En suivant ce stage, sous r\u00e9serve de ne pas avoir commis d\u2019infraction entra\u00eenant la perte de points sur son permis, la p\u00e9riode probatoire est r\u00e9duite \u00e0 :<\/p>\n<ul>\n<li><span style=\"color: var( --e-global-color-text ); font-family: var( --e-global-typography-text-font-family ), Sans-serif; font-weight: var( --e-global-typography-text-font-weight ); text-align: var(--text-align);\">2 deux ans, au lieu de trois pour les formations traditionnelles<\/span><\/li>\n<li><span style=\"color: var( --e-global-color-text ); font-family: var( --e-global-typography-text-font-family ), Sans-serif; font-weight: var( --e-global-typography-text-font-weight ); text-align: var(--text-align);\">1 an et demi au lieu de 2 ans pour ceux ayant b\u00e9n\u00e9fici\u00e9 de la conduite accompagn\u00e9e<\/span><\/li>\n<\/ul>\n<p><span style=\"text-decoration: underline;\"><strong>D\u00e9roulement du stage<\/strong><\/span><\/p>\n<p>La formation est dispens\u00e9e uniquement par les \u00e9coles de conduite d\u00e9tentrices d\u2019un label \u00ab qualit\u00e9 \u00bb, d\u00e9livr\u00e9 par les services de l&rsquo;\u00c9tat garantissant la qualit\u00e9 de sa formation.<br \/><span style=\"color: var( --e-global-color-text ); font-family: var( --e-global-typography-text-font-family ), Sans-serif; font-weight: var( --e-global-typography-text-font-weight ); text-align: var(--text-align);\">La formation est collective afin de permettre un maximum d\u2019\u00e9changes sur les exp\u00e9riences de conduite entre les conducteurs d\u2019une m\u00eame g\u00e9n\u00e9ration.<br \/><\/span><span style=\"color: var( --e-global-color-text ); font-family: var( --e-global-typography-text-font-family ), Sans-serif; font-weight: var( --e-global-typography-text-font-weight ); text-align: var(--text-align);\">Un enseignant de la conduite sp\u00e9cialement form\u00e9 sera responsable de l\u2019animation de chacune de ces journ\u00e9es.<br \/><\/span><span style=\"color: var( --e-global-color-text ); font-family: var( --e-global-typography-text-font-family ), Sans-serif; font-weight: var( --e-global-typography-text-font-weight ); text-align: var(--text-align);\">Le contenu de la formation, \u00e9labor\u00e9 par des sp\u00e9cialistes de la s\u00e9curit\u00e9 routi\u00e8re, fait l\u2019objet d\u2019un <\/span><strong style=\"color: var( --e-global-color-text ); font-family: var( --e-global-typography-text-font-family ), Sans-serif; text-align: var(--text-align);\">arr\u00eat\u00e9 publi\u00e9 le 10 mai 2019<\/strong><span style=\"color: var( --e-global-color-text ); font-family: var( --e-global-typography-text-font-family ), Sans-serif; font-weight: var( --e-global-typography-text-font-weight ); text-align: var(--text-align);\"> qui pr\u00e9cise le contenu, l&rsquo;organisation et les modalit\u00e9s de d\u00e9livrance de l&rsquo;attestation de suivi de la formation compl\u00e9mentaire.<\/span><\/p>\t\t\t\t\t\t<\/div>\n\t\t\t\t<\/div>\n\t\t\t\t\t<\/div>\n\t\t\t\t<\/div>\n\t\t\t\t\t\t\t<\/div>\n\t\t","protected":false},"excerpt":{"rendered":"<p>L&rsquo;int\u00e9r\u00eat de faire une formation post-permis pour les conducteurs novices Le rendez-vous post-permis pour les conducteurs novices Une formation compl\u00e9mentaire des conducteurs novices est pr\u00e9vue \u00e0 l\u2019article L.223-1 du code de la route, destin\u00e9e \u00e0 renforc\u00e9e les comp\u00e9tences acquises par ces conducteurs. Elle repose sur une d\u00e9marche volontaire et entraine une r\u00e9duction de la p\u00e9riode&nbsp;&hellip;<\/p>\n","protected":false},"author":1,"featured_media":1465,"parent":0,"menu_order":0,"comment_status":"closed","ping_status":"closed","template":"","meta":{"footnotes":""},"_links":{"self":[{"href":"https:\/\/autoecoleporras.com\/index.php\/wp-json\/wp\/v2\/pages\/912"}],"collection":[{"href":"https:\/\/autoecoleporras.com\/index.php\/wp-json\/wp\/v2\/pages"}],"about":[{"href":"https:\/\/autoecoleporras.com\/index.php\/wp-json\/wp\/v2\/types\/page"}],"author":[{"embeddable":true,"href":"https:\/\/autoecoleporras.com\/index.php\/wp-json\/wp\/v2\/users\/1"}],"replies":[{"embeddable":true,"href":"https:\/\/autoecoleporras.com\/index.php\/wp-json\/wp\/v2\/comments?post=912"}],"version-history":[{"count":14,"href":"https:\/\/autoecoleporras.com\/index.php\/wp-json\/wp\/v2\/pages\/912\/revisions"}],"predecessor-version":[{"id":1467,"href":"https:\/\/autoecoleporras.com\/index.php\/wp-json\/wp\/v2\/pages\/912\/revisions\/1467"}],"wp:featuredmedia":[{"embeddable":true,"href":"https:\/\/autoecoleporras.com\/index.php\/wp-json\/wp\/v2\/media\/1465"}],"wp:attachment":[{"href":"https:\/\/autoecoleporras.com\/index.php\/wp-json\/wp\/v2\/media?parent=912"}],"curies":[{"name":"wp","href":"https:\/\/api.w.org\/{rel}","templated":true}]}}