{"id":919,"date":"2023-10-16T16:48:17","date_gmt":"2023-10-16T14:48:17","guid":{"rendered":"https:\/\/autoecoleporras.com\/?page_id=919"},"modified":"2023-11-17T12:09:47","modified_gmt":"2023-11-17T11:09:47","slug":"modalites-de-prise-en-compte-du-handicap","status":"publish","type":"page","link":"https:\/\/autoecoleporras.com\/index.php\/modalites-de-prise-en-compte-du-handicap\/","title":{"rendered":"Modalit\u00e9s de prise en compte du handicap"},"content":{"rendered":"\t\t<div data-elementor-type=\"wp-page\" data-elementor-id=\"919\" class=\"elementor elementor-919\">\n\t\t\t\t\t\t\t<div class=\"elementor-element elementor-element-ef6cb13 e-flex e-con-boxed e-con e-parent\" data-id=\"ef6cb13\" data-element_type=\"container\" data-settings=\"{&quot;content_width&quot;:&quot;boxed&quot;}\" data-core-v316-plus=\"true\">\n\t\t\t\t\t<div class=\"e-con-inner\">\n\t\t\t\t<div class=\"elementor-element elementor-element-8cfff26 elementor-widget elementor-widget-text-editor\" data-id=\"8cfff26\" data-element_type=\"widget\" data-widget_type=\"text-editor.default\">\n\t\t\t\t<div class=\"elementor-widget-container\">\n\t\t\t<style>\/*! elementor - v3.16.0 - 20-09-2023 *\/\n.elementor-widget-text-editor.elementor-drop-cap-view-stacked .elementor-drop-cap{background-color:#69727d;color:#fff}.elementor-widget-text-editor.elementor-drop-cap-view-framed .elementor-drop-cap{color:#69727d;border:3px solid;background-color:transparent}.elementor-widget-text-editor:not(.elementor-drop-cap-view-default) .elementor-drop-cap{margin-top:8px}.elementor-widget-text-editor:not(.elementor-drop-cap-view-default) .elementor-drop-cap-letter{width:1em;height:1em}.elementor-widget-text-editor .elementor-drop-cap{float:left;text-align:center;line-height:1;font-size:50px}.elementor-widget-text-editor .elementor-drop-cap-letter{display:inline-block}<\/style>\t\t\t\t<h4 style=\"letter-spacing: normal;\"><strong>Modalit\u00e9s de prise en compte du handicap<\/strong><\/h4>\n<h4 style=\"letter-spacing: normal;\"><strong><u>Personnes pr\u00e9sentant un handicap<\/u><\/strong><\/h4>\n<p>Nous pouvons prendre en charge des personnes ayant un l\u00e9ger handicap et compatible avec nos moyens p\u00e9dagogiques.<\/p>\n<p>Pour des handicap \u00ab lourds \u00bb le Centre de ressources et d\u2019innovation mobilit\u00e9 handicap (CEREMH) met \u00e0 disposition la liste d\u2019auto-\u00e9coles sp\u00e9cialis\u00e9es sur leur site (<a href=\"https:\/\/www.ceremh.org\/\">https:\/\/www.ceremh.org<\/a>).<\/p>\n<p>Le CEREMH propose \u00e9galement des formations au permis de conduire pour les personnes qui rencontrent des difficult\u00e9s tr\u00e8s sp\u00e9cifiques et ne trouvent pas de solutions dans les auto-\u00e9coles existantes.<\/p>\n<p>Si vous \u00eates soign\u00e9(e) dans un centre de r\u00e9\u00e9ducation fonctionnelle, celui-ci propose parfois une formation adapt\u00e9e. Dans ces centres sp\u00e9cialis\u00e9s vous b\u00e9n\u00e9ficiez d\u2019un encadrement de qualit\u00e9 de la part d\u2019une \u00e9quipe pluridisciplinaire (kin\u00e9sith\u00e9rapeute, ergoth\u00e9rapeute, neuropsychologue etc.).<\/p>\n<p>L\u2019ergoth\u00e9rapeute, en collaboration avec le m\u00e9decin, pourra conseiller les aides techniques et les am\u00e9nagements \u00e9ventuels \u00e0 apporter au v\u00e9hicule. Ces am\u00e9nagements devront \u00eatre approuv\u00e9s par l\u2019inspecteur du permis de conduire.<\/p>\n<p style=\"margin: 0px 0px 16px; padding: 0px; outline: 0px; box-sizing: border-box; overflow-wrap: break-word; color: #7a7a7a; font-family: Roboto, sans-serif; font-size: 16px; font-style: normal; font-variant-ligatures: normal; font-variant-caps: normal; font-weight: 400; letter-spacing: normal; orphans: 2; text-align: start; text-indent: 0px; text-transform: none; widows: 2; word-spacing: 0px; -webkit-text-stroke-width: 0px; white-space: normal; background-color: #f5fafd; text-decoration-thickness: initial; text-decoration-style: initial; text-decoration-color: initial;\">Le Service charg\u00e9 localement des examens du permis de conduire (bureau de l\u2019\u00e9ducation routi\u00e8re ou pr\u00e9fecture), vous indique les am\u00e9nagements dont vous avez besoin pour apprendre \u00e0 conduire, les auto\u00e9coles sp\u00e9cialis\u00e9es et les dates de sessions sp\u00e9cialis\u00e9es pour vous pr\u00e9senter aux \u00e9preuves du permis.<\/p>\t\t\t\t\t\t<\/div>\n\t\t\t\t<\/div>\n\t\t\t\t\t<\/div>\n\t\t\t\t<\/div>\n\t\t<div class=\"elementor-element elementor-element-580f127 e-flex e-con-boxed e-con e-parent\" data-id=\"580f127\" data-element_type=\"container\" data-settings=\"{&quot;content_width&quot;:&quot;boxed&quot;}\" data-core-v316-plus=\"true\">\n\t\t\t\t\t<div class=\"e-con-inner\">\n\t\t\t\t<div class=\"elementor-element elementor-element-f20fee4 elementor-invisible elementor-widget elementor-widget-image\" data-id=\"f20fee4\" data-element_type=\"widget\" data-settings=\"{&quot;_animation&quot;:&quot;fadeIn&quot;}\" data-widget_type=\"image.default\">\n\t\t\t\t<div class=\"elementor-widget-container\">\n\t\t\t<style>\/*! elementor - v3.16.0 - 20-09-2023 *\/\n.elementor-widget-image{text-align:center}.elementor-widget-image a{display:inline-block}.elementor-widget-image a img[src$=\".svg\"]{width:48px}.elementor-widget-image img{vertical-align:middle;display:inline-block}<\/style>\t\t\t\t\t\t\t\t\t\t\t\t<img decoding=\"async\" loading=\"lazy\" width=\"750\" height=\"500\" src=\"https:\/\/autoecoleporras.com\/wp-content\/uploads\/2023\/11\/handicap_permis.jpg\" class=\"attachment-large size-large wp-image-1206\" alt=\"\" srcset=\"https:\/\/autoecoleporras.com\/wp-content\/uploads\/2023\/11\/handicap_permis.jpg 750w, https:\/\/autoecoleporras.com\/wp-content\/uploads\/2023\/11\/handicap_permis-300x200.jpg 300w, https:\/\/autoecoleporras.com\/wp-content\/uploads\/2023\/11\/handicap_permis-500x333.jpg 500w\" sizes=\"(max-width: 750px) 100vw, 750px\" \/>\t\t\t\t\t\t\t\t\t\t\t\t\t\t\t<\/div>\n\t\t\t\t<\/div>\n\t\t\t\t\t<\/div>\n\t\t\t\t<\/div>\n\t\t<div class=\"elementor-element elementor-element-7c2a8f6d e-flex e-con-boxed e-con e-parent\" data-id=\"7c2a8f6d\" data-element_type=\"container\" data-settings=\"{&quot;content_width&quot;:&quot;boxed&quot;}\" data-core-v316-plus=\"true\">\n\t\t\t\t\t<div class=\"e-con-inner\">\n\t\t\t\t<div class=\"elementor-element elementor-element-b0feaf7 elementor-widget elementor-widget-text-editor\" data-id=\"b0feaf7\" data-element_type=\"widget\" data-widget_type=\"text-editor.default\">\n\t\t\t\t<div class=\"elementor-widget-container\">\n\t\t\t\t\t\t\t<p><!-- wp:heading {\"level\":4} --><\/p>\n<h4 class=\"wp-block-heading\"><strong style=\"color: var( --e-global-color-text ); font-family: var( --e-global-typography-text-font-family ), Sans-serif; text-align: var(--text-align); font-size: 16px;\">INFORMATIONS CONCERNANT LES \u00c9TAPES A SUIVRE :<\/strong><\/h4>\n<p><!-- \/wp:paragraph --><\/p>\n<p><!-- wp:paragraph --><\/p>\n<p>La visite m\u00e9dicale :<\/p>\n<p><!-- \/wp:paragraph --><\/p>\n<p><!-- wp:paragraph --><\/p>\n<p>Le rendez-vous est \u00e0 prendre avec un m\u00e9decin agr\u00e9\u00e9 de la pr\u00e9fecture, qui \u00e9valuera votre aptitude \u00e0 la conduite. Lors de la visite m\u00e9dicale, le CERFA n\u00b014880 est \u00e0 faire remplir par le m\u00e9decin agr\u00e9\u00e9. La visite m\u00e9dicale est gratuite dans le cas d\u2019une r\u00e9gularisation pour les personnes pr\u00e9sentant un taux d\u2019incapacit\u00e9 \u00e9gal ou sup\u00e9rieur \u00e0 50% d\u00e9cid\u00e9 par la CDAPH (Commission des Droits et de l&rsquo;Autonomie des Personnes Handicap\u00e9es). Si vous \u00eates dans ce cas, <strong>vous n\u2019avez pas \u00e0 avancer les frais, le m\u00e9decin se fera r\u00e9gler par la pr\u00e9fecture<\/strong>.<\/p>\n<p><!-- \/wp:paragraph --><\/p>\n<p><!-- wp:paragraph --><\/p>\n<p>L\u2019\u00e9preuve du code de la route :<\/p>\n<p><!-- \/wp:paragraph --><\/p>\n<p><!-- wp:paragraph --><\/p>\n<p>Des s\u00e9ances sp\u00e9cifiques peuvent \u00eatre organis\u00e9es pour des candidats qui pr\u00e9sentent un handicap. En effet, l\u2019arr\u00eat\u00e9 du 9 novembre 2018 modifiant l\u2019arr\u00eat\u00e9 du 20 avril 2012 autorise l\u2019organisation de s\u00e9ances pour passer le code qui ne sont plus forc\u00e9ment collectives mais adapt\u00e9es au handicap : <strong>notamment pour les candidats dyspraxiques, les candidats sourds ou malentendants.<\/strong><\/p>\n<p><!-- \/wp:paragraph --><\/p>\n<p><!-- wp:paragraph --><\/p>\n<p>Des s\u00e9ances sp\u00e9cifiques peuvent \u00eatre organis\u00e9es pour les candidats <strong>ma\u00eetrisant mal la langue fran\u00e7aise<\/strong>. Dans ce cas, le candidat peut recourir aux services d\u2019un traducteur-interpr\u00e8te asserment\u00e9 pr\u00e8s d\u2019une cour d\u2019appel<\/p>\n<p><!-- \/wp:paragraph --><\/p>\n<p><!-- wp:paragraph --><\/p>\n<p>Des s\u00e9ances sp\u00e9cifiques sont organis\u00e9es pour <strong>les candidats sourds ou malentendants<\/strong>. Seuls sont admis \u00e0 se pr\u00e9senter \u00e0 ces s\u00e9ances les candidats ayant d\u00e9clar\u00e9 \u00eatre atteints d\u2019une des affections du 3.1 de la classe III vis\u00e9es \u00e0 l\u2019arr\u00eat\u00e9 du 21 d\u00e9cembre 2005 susvis\u00e9. Dans ce cas, le candidat peut recourir aux services d\u2019un traducteur-interpr\u00e8te sp\u00e9cialis\u00e9 en langage des signes, asserment\u00e9 pr\u00e8s d\u2019une cour d\u2019appel ou d\u2019un groupement d\u2019\u00e9tablissements de l\u2019\u00e9ducation nationale (GRETA).<\/p>\n<p><!-- \/wp:paragraph --><\/p>\n<p><!-- wp:paragraph --><\/p>\n<p>Il est \u00e9galement possible de recourir \u00e0 un dispositif de communication adapt\u00e9 de son choix, sous r\u00e9serve que ce dispositif ne contrevienne pas aux dispositions relatives \u00e0 la confidentialit\u00e9 de l\u2019examen.<\/p>\n<p><!-- \/wp:paragraph --><\/p>\n<p><!-- wp:paragraph --><\/p>\n<p>Les candidats <strong>dysphasiques et\/ou dyslexiques et\/ou dyspraxiques<\/strong> peuvent passer l\u2019\u00e9preuve th\u00e9orique g\u00e9n\u00e9rale dans ces s\u00e9ances sp\u00e9cifiques \u00e0 la condition qu\u2019ils pr\u00e9sentent \u00e0 l\u2019expert leur pi\u00e8ce d\u2019identit\u00e9 accompagn\u00e9e de l\u2019un des trois documents suivants :<\/p>\n<p><!-- \/wp:paragraph --><\/p>\n<p><!-- wp:paragraph --><\/p>\n<p>&#8211; Une reconnaissance de qualit\u00e9 de travailleur handicap\u00e9 (RQTH) ou une reconnaissance de handicap obtenue aupr\u00e8s de la maison d\u00e9partementale des personnes handicap\u00e9es (MDPH) et un diagnostic de dyslexie et\/ou de dysphasie et\/ou de dyspraxie ;<\/p>\n<p><!-- \/wp:paragraph --><\/p>\n<p><!-- wp:paragraph --><\/p>\n<p>&#8211; Une reconnaissance d\u2019am\u00e9nagements aux \u00e9preuves nationales de l\u2019\u00e9ducation nationale au titre des troubles de l\u2019apprentissage du langage \u00e9crit, du langage oral et\/ou \u00e9crit et\/ou de l\u2019acquisition de la coordination ;<\/p>\n<p><!-- \/wp:paragraph --><\/p>\n<p><!-- wp:paragraph --><\/p>\n<p>&#8211; Un certificat m\u00e9dical d\u00e9livr\u00e9 depuis moins de six mois maximums, attestant d\u2019un trouble sp\u00e9cifique du langage et\/ou de la lecture et\/ou de l\u2019acquisition de la coordination et n\u00e9cessitant un am\u00e9nagement des conditions de passage de l\u2019\u00e9preuve th\u00e9orique g\u00e9n\u00e9rale ;<\/p>\n<p><!-- \/wp:paragraph --><\/p>\n<p><!-- wp:paragraph --><\/p>\n<p>\u00a0Des s\u00e9ances d\u2019examen peuvent \u00eatre organis\u00e9es sp\u00e9cifiquement <strong>pour les candidats pr\u00e9sentant un handicap sp\u00e9cifique de l\u2019appareil locomoteur<\/strong>, si leur handicap est de nature \u00e0 rendre impossible leur participation \u00e0 une s\u00e9ance traditionnelle.<\/p>\n<p><!-- \/wp:paragraph --><\/p>\n<p><!-- wp:paragraph --><\/p>\n<p>Apprendre \u00e0 conduire avec des am\u00e9nagements :<\/p>\n<p><!-- \/wp:paragraph --><\/p>\n<p><!-- wp:paragraph --><\/p>\n<p><strong>Si vous \u00eates apte :<\/strong><\/p>\n<p><!-- \/wp:paragraph --><\/p>\n<p><!-- wp:paragraph --><\/p>\n<p>Un certificat d\u2019aptitude vous sera remis. <br \/>Vous serez conseill\u00e9 sur les am\u00e9nagements de poste de conduite dont vous avez besoin. Puis, vous pourrez apprendre \u00e0 ma\u00eetriser les am\u00e9nagements aupr\u00e8s d\u2019auto-\u00e9coles.<\/p>\n<p><!-- \/wp:paragraph --><\/p>\n<p><!-- wp:paragraph --><\/p>\n<p><strong>Si vous n&rsquo;\u00eates pas apte :<\/strong><\/p>\n<p><!-- \/wp:paragraph --><\/p>\n<p><!-- wp:paragraph --><\/p>\n<p>Vous pouvez alors faire appel \u00e0 la commission d\u00e9partementale d&rsquo;appel. L&rsquo;obtention du permis ou du droit \u00e0 conduire.<\/p>\n<p><!-- \/wp:paragraph --><\/p>\n<p><!-- wp:paragraph --><\/p>\n<p>Dans le cas du passage d\u2019un premier permis de conduire, il y a deux \u00e9tapes :<\/p>\n<p><!-- \/wp:paragraph --><\/p>\n<p><!-- wp:paragraph --><\/p>\n<p>&#8211; Une partie th\u00e9orique, commune \u00e0 tous les candidats au permis.<br \/>&#8211; Une partie pratique, lors de laquelle un inspecteur du permis \u00e9valuera vos capacit\u00e9s \u00e0 conduire, en toute s\u00e9curit\u00e9 et en respectant le code de la route, et ce avec les am\u00e9nagements pr\u00e9conis\u00e9s. L\u2019examen doit avoir lieu <strong>sur une voiture \u00e9quip\u00e9e des doubles commandes.<\/strong><\/p>\n<p><!-- \/wp:paragraph --><\/p>\n<p><!-- wp:paragraph --><\/p>\n<p>Dans le cas d\u2019une r\u00e9gularisation du permis :<\/p>\n<p><!-- \/wp:paragraph --><\/p>\n<p><!-- wp:paragraph --><\/p>\n<p>On entend par r\u00e9gularisation le fait d\u2019\u00e9valuer les capacit\u00e9s d\u2019une personne, d\u00e9j\u00e0 titulaire du permis, \u00e0 conduire avec des am\u00e9nagements. Lors de cette \u00e9valuation, un inspecteur v\u00e9rifie, en situation r\u00e9elle, la ma\u00eetrise des am\u00e9nagements et leur pertinence en fonction de votre handicap. Cette r\u00e9gularisation vous redonne le droit de conduire. L\u2019\u00e9valuation peut \u00eatre pass\u00e9e sur votre propre voiture am\u00e9nag\u00e9e ou sur une voiture am\u00e9nag\u00e9e d\u2019une auto-\u00e9cole.<\/p>\n<p><!-- \/wp:paragraph --><\/p>\n<p><!-- wp:paragraph --><\/p>\n<p>L&rsquo;acquisition d&rsquo;un v\u00e9hicule am\u00e9nag\u00e9 :<\/p>\n<p><!-- \/wp:paragraph --><\/p>\n<p><!-- wp:paragraph --><\/p>\n<p>Les am\u00e9nagements n\u00e9cessaires sont mentionn\u00e9s <strong>par des codes appos\u00e9s par la pr\u00e9fecture sur votre permis de conduire<\/strong>. Ils vous permettront de faire adapter votre v\u00e9hicule chez des \u00e9quipementiers sp\u00e9cialis\u00e9s et le cas \u00e9ch\u00e9ant de b\u00e9n\u00e9ficier d\u2019aides financi\u00e8res.<\/p>\n<p><!-- \/wp:paragraph --><\/p>\n<p><!-- wp:paragraph --><\/p>\n<p>Les aides au financement :<\/p>\n<p><!-- \/wp:paragraph --><\/p>\n<p><!-- wp:paragraph --><\/p>\n<p><strong>La Prestation de Compensation du Handicap<\/strong> (PCH) est une aide l\u00e9gale qui peut vous \u00eatre attribu\u00e9e, sous r\u00e9serve d\u2019\u00e9ligibilit\u00e9. La demande est \u00e0 faire aupr\u00e8s de la MDPH (Maison D\u00e9partementale des Personnes Handicap\u00e9es).<\/p>\n<p><!-- \/wp:paragraph --><\/p>\n<p><!-- wp:paragraph --><\/p>\n<p>Elle pourrait financer en partie les surco\u00fbts li\u00e9s \u00e0 :<\/p>\n<p><!-- \/wp:paragraph --><\/p>\n<p><!-- wp:paragraph --><\/p>\n<p>&#8211; la visite m\u00e9dicale (dans le cas d\u2019un premier permis uniquement),<br \/>&#8211; aux le\u00e7ons de conduite,<br \/>&#8211; aux am\u00e9nagements du v\u00e9hicule.<\/p>\n<p><!-- \/wp:paragraph --><\/p>\n<p><!-- wp:paragraph --><\/p>\n<p>De plus, si un v\u00e9hicule est n\u00e9cessaire pour votre projet professionnel, l\u2019AGEFIPH (Association pour la Gestion des Fonds pour l\u2019Insertion Professionnelle des Personnes Handicap\u00e9es) ou le FIPHFP (Fonds pour l\u2019Insertion des Personnes Handicap\u00e9es dans la Fonction Publique) peuvent \u00eatre sollicit\u00e9s.<\/p>\n<p><!-- \/wp:paragraph --><\/p>\t\t\t\t\t\t<\/div>\n\t\t\t\t<\/div>\n\t\t\t\t\t<\/div>\n\t\t\t\t<\/div>\n\t\t\t\t\t\t\t<\/div>\n\t\t","protected":false},"excerpt":{"rendered":"<p>Modalit\u00e9s de prise en compte du handicap Personnes pr\u00e9sentant un handicap Nous pouvons prendre en charge des personnes ayant un l\u00e9ger handicap et compatible avec nos moyens p\u00e9dagogiques. Pour des handicap \u00ab lourds \u00bb le Centre de ressources et d\u2019innovation mobilit\u00e9 handicap (CEREMH) met \u00e0 disposition la liste d\u2019auto-\u00e9coles sp\u00e9cialis\u00e9es sur leur site (https:\/\/www.ceremh.org). Le&nbsp;&hellip;<\/p>\n","protected":false},"author":1,"featured_media":1465,"parent":0,"menu_order":0,"comment_status":"closed","ping_status":"closed","template":"","meta":{"footnotes":""},"_links":{"self":[{"href":"https:\/\/autoecoleporras.com\/index.php\/wp-json\/wp\/v2\/pages\/919"}],"collection":[{"href":"https:\/\/autoecoleporras.com\/index.php\/wp-json\/wp\/v2\/pages"}],"about":[{"href":"https:\/\/autoecoleporras.com\/index.php\/wp-json\/wp\/v2\/types\/page"}],"author":[{"embeddable":true,"href":"https:\/\/autoecoleporras.com\/index.php\/wp-json\/wp\/v2\/users\/1"}],"replies":[{"embeddable":true,"href":"https:\/\/autoecoleporras.com\/index.php\/wp-json\/wp\/v2\/comments?post=919"}],"version-history":[{"count":6,"href":"https:\/\/autoecoleporras.com\/index.php\/wp-json\/wp\/v2\/pages\/919\/revisions"}],"predecessor-version":[{"id":1469,"href":"https:\/\/autoecoleporras.com\/index.php\/wp-json\/wp\/v2\/pages\/919\/revisions\/1469"}],"wp:featuredmedia":[{"embeddable":true,"href":"https:\/\/autoecoleporras.com\/index.php\/wp-json\/wp\/v2\/media\/1465"}],"wp:attachment":[{"href":"https:\/\/autoecoleporras.com\/index.php\/wp-json\/wp\/v2\/media?parent=919"}],"curies":[{"name":"wp","href":"https:\/\/api.w.org\/{rel}","templated":true}]}}